{"id":4652,"date":"2022-05-09T10:47:03","date_gmt":"2022-05-09T08:47:03","guid":{"rendered":"https:\/\/unliondansmonsalon.com\/?page_id=4652"},"modified":"2022-06-13T15:54:56","modified_gmt":"2022-06-13T13:54:56","slug":"lapres-cancer","status":"publish","type":"page","link":"https:\/\/unliondansmonsalon.com\/index.php\/lapres-cancer\/","title":{"rendered":"L&rsquo;apr\u00e8s-cancer"},"content":{"rendered":"\t\t<div data-elementor-type=\"wp-page\" data-elementor-id=\"4652\" class=\"elementor elementor-4652\" data-elementor-post-type=\"page\">\n\t\t\t\t\t\t<section class=\"elementor-section elementor-top-section elementor-element elementor-element-525e821 elementor-section-boxed elementor-section-height-default elementor-section-height-default qodef-elementor-content-no\" data-id=\"525e821\" data-element_type=\"section\">\n\t\t\t\t\t\t<div class=\"elementor-container elementor-column-gap-default\">\n\t\t\t\t\t<div class=\"elementor-column elementor-col-100 elementor-top-column elementor-element elementor-element-af59196\" data-id=\"af59196\" data-element_type=\"column\">\n\t\t\t<div class=\"elementor-widget-wrap elementor-element-populated\">\n\t\t\t\t\t\t<div class=\"elementor-element elementor-element-37eed6a elementor-widget elementor-widget-heading\" data-id=\"37eed6a\" data-element_type=\"widget\" data-widget_type=\"heading.default\">\n\t\t\t\t<div class=\"elementor-widget-container\">\n\t\t\t<style>\/*! elementor - v3.20.0 - 26-03-2024 *\/\n.elementor-heading-title{padding:0;margin:0;line-height:1}.elementor-widget-heading .elementor-heading-title[class*=elementor-size-]>a{color:inherit;font-size:inherit;line-height:inherit}.elementor-widget-heading .elementor-heading-title.elementor-size-small{font-size:15px}.elementor-widget-heading .elementor-heading-title.elementor-size-medium{font-size:19px}.elementor-widget-heading .elementor-heading-title.elementor-size-large{font-size:29px}.elementor-widget-heading .elementor-heading-title.elementor-size-xl{font-size:39px}.elementor-widget-heading .elementor-heading-title.elementor-size-xxl{font-size:59px}<\/style><h5 class=\"elementor-heading-title elementor-size-default\">les accompagnements possibles<\/h5>\t\t<\/div>\n\t\t\t\t<\/div>\n\t\t\t\t\t<\/div>\n\t\t<\/div>\n\t\t\t\t\t<\/div>\n\t\t<\/section>\n\t\t\t\t<section class=\"elementor-section elementor-top-section elementor-element elementor-element-dbaa1a9 elementor-section-boxed elementor-section-height-default elementor-section-height-default qodef-elementor-content-no\" data-id=\"dbaa1a9\" data-element_type=\"section\">\n\t\t\t\t\t\t<div class=\"elementor-container elementor-column-gap-default\">\n\t\t\t\t\t<div class=\"elementor-column elementor-col-100 elementor-top-column elementor-element elementor-element-394ff93\" data-id=\"394ff93\" data-element_type=\"column\">\n\t\t\t<div class=\"elementor-widget-wrap elementor-element-populated\">\n\t\t\t\t\t\t<div class=\"elementor-element elementor-element-b995f8b elementor-widget elementor-widget-text-editor\" data-id=\"b995f8b\" data-element_type=\"widget\" data-widget_type=\"text-editor.default\">\n\t\t\t\t<div class=\"elementor-widget-container\">\n\t\t\t<style>\/*! elementor - v3.20.0 - 26-03-2024 *\/\n.elementor-widget-text-editor.elementor-drop-cap-view-stacked .elementor-drop-cap{background-color:#69727d;color:#fff}.elementor-widget-text-editor.elementor-drop-cap-view-framed .elementor-drop-cap{color:#69727d;border:3px solid;background-color:transparent}.elementor-widget-text-editor:not(.elementor-drop-cap-view-default) .elementor-drop-cap{margin-top:8px}.elementor-widget-text-editor:not(.elementor-drop-cap-view-default) .elementor-drop-cap-letter{width:1em;height:1em}.elementor-widget-text-editor .elementor-drop-cap{float:left;text-align:center;line-height:1;font-size:50px}.elementor-widget-text-editor .elementor-drop-cap-letter{display:inline-block}<\/style>\t\t\t\t<p>Tout d&rsquo;abord, bravo chaleureusement pour le chemin parcouru !\u00a0 Et quel chemin !<\/p><p>\u00a0<\/p><p>Si vous le souhaitez, il existe des accompagnements pendant la p\u00e9riode de l&rsquo;apr\u00e8s-cancer.<\/p><p>\u00a0<\/p><p>En effet, pour certain(e)s, des questions peuvent se poser:<\/p><p><span style=\"color: var( --e-global-color-text ); letter-spacing: 0px;\">comment r\u00e9int\u00e9grer le monde professionnel le cas \u00e9ch\u00e9ant?<\/span><\/p><p><span style=\"color: var( --e-global-color-text ); letter-spacing: 0px;\">comment s&rsquo;adapter en termes de rythme professionnellement parlant pour garder une bonne balance vie professionnelle\/vie personnelle?<\/span><\/p><p>comment faire face \u00e0 ses \u00e9motions face au cancer?<\/p><p>comment aborder cette p\u00e9riode avec ses proches?<\/p><p>\u00a0<\/p><p>Voici un article du site e-cancer sur la r\u00e9mission qui met en lumi\u00e8re les difficult\u00e9s que cette p\u00e9riode peut parfois repr\u00e9senter : <a style=\"letter-spacing: 0px;\" href=\"https:\/\/www.e-cancer.fr\/Patients-et-proches\/Aider-un-proche-malade\/Role-des-proches\/Remission\" target=\"_blank\" rel=\"noopener\">cliquez-ici<\/a><\/p><p>\u00a0<\/p><p>N&rsquo;h\u00e9sitez pas \u00e0 consulter notre page <a href=\"https:\/\/unliondansmonsalon.com\/index.php\/ressources-utiles\/\" target=\"_blank\" rel=\"noopener\">Ressources Utiles<\/a>, il y a beaucoup d&rsquo;associations permettant de vous accompagner durant cette p\u00e9riode. Vous pouvez \u00e9galement trouver notre annuaire des professionnels de la vitalit\u00e9\u00a0<a href=\"https:\/\/unliondansmonsalon.com\/index.php\/annuaireprofessionnelsvitalite\/\" target=\"_blank\" rel=\"noopener\">en cliquant ici<\/a>.<\/p><p>\u00a0<\/p>\t\t\t\t\t\t<\/div>\n\t\t\t\t<\/div>\n\t\t\t\t\t<\/div>\n\t\t<\/div>\n\t\t\t\t\t<\/div>\n\t\t<\/section>\n\t\t\t\t<section class=\"elementor-section elementor-top-section elementor-element elementor-element-695ba69 elementor-section-boxed elementor-section-height-default elementor-section-height-default qodef-elementor-content-no\" data-id=\"695ba69\" data-element_type=\"section\">\n\t\t\t\t\t\t<div class=\"elementor-container elementor-column-gap-default\">\n\t\t\t\t\t<div class=\"elementor-column elementor-col-100 elementor-top-column elementor-element elementor-element-1ca8358\" data-id=\"1ca8358\" data-element_type=\"column\">\n\t\t\t<div class=\"elementor-widget-wrap elementor-element-populated\">\n\t\t\t\t\t\t<div class=\"elementor-element elementor-element-f25fd8a elementor-widget elementor-widget-heading\" data-id=\"f25fd8a\" data-element_type=\"widget\" data-widget_type=\"heading.default\">\n\t\t\t\t<div class=\"elementor-widget-container\">\n\t\t\t<h2 class=\"elementor-heading-title elementor-size-default\">activite professionnelle et reprise<\/h2>\t\t<\/div>\n\t\t\t\t<\/div>\n\t\t\t\t\t<\/div>\n\t\t<\/div>\n\t\t\t\t\t<\/div>\n\t\t<\/section>\n\t\t\t\t<section class=\"elementor-section elementor-top-section elementor-element elementor-element-f92d3a8 elementor-section-boxed elementor-section-height-default elementor-section-height-default qodef-elementor-content-no\" data-id=\"f92d3a8\" data-element_type=\"section\">\n\t\t\t\t\t\t<div class=\"elementor-container elementor-column-gap-default\">\n\t\t\t\t\t<div class=\"elementor-column elementor-col-100 elementor-top-column elementor-element elementor-element-bee9c0a\" data-id=\"bee9c0a\" data-element_type=\"column\">\n\t\t\t<div class=\"elementor-widget-wrap elementor-element-populated\">\n\t\t\t\t\t\t<div class=\"elementor-element elementor-element-598c8ed elementor-widget elementor-widget-text-editor\" data-id=\"598c8ed\" data-element_type=\"widget\" data-widget_type=\"text-editor.default\">\n\t\t\t\t<div class=\"elementor-widget-container\">\n\t\t\t\t\t\t\t<p><span style=\"color: var( --e-global-color-text ); letter-spacing: 0px;\">Associations aidant sp\u00e9cifiquement pour la reprise d&rsquo;activit\u00e9 apr\u00e8s une maladie et notamment le cancer:<\/span><\/p><p><span style=\"color: var( --e-global-color-text ); letter-spacing: 0px;\">\u00a0<\/span><\/p><p><b>Pour les femmes et les hommes<\/b>:<\/p><p>&#8211; Le jour d&rsquo;apr\u00e8s \u00e0 Montpellier, Lyon, N\u00eemes et Paris :\u00a0<a href=\"https:\/\/www.lejourdapres.org\" target=\"_blank\" rel=\"noopener\">cliquez-ici<\/a><\/p><p>&#8211; Le vent bleu (accompagnements \u00e0 distance):\u00a0<a href=\"https:\/\/www.leventbleu.com\/\" target=\"_blank\" rel=\"noopener\">cliquez-ici<\/a><\/p><p>&#8211; La vie Kintsugi au sein des maisons \u00ab\u00a0mon bonnet rose\u00a0\u00bb (Haut de France):\u00a0<a href=\"https:\/\/www.laviekintsugi.com\" target=\"_blank\" rel=\"noopener\">cliquez-ici<\/a>\u00a0<\/p><p>&#8211; Cancer@work organise des jobs datings en pr\u00e9sentiel ou en digital, avec une moyenne 12 candidats et 24 entreprises:\u00a0<a href=\"https:\/\/www.canceratwork.com\/\" target=\"_blank\" rel=\"noopener\">cliquez-ici<\/a>\u00a0<\/p><p>\u00a0<\/p><p><b>Pour les femmes:<\/b><\/p><p>&#8211; Rose up via la Maison Rose de Paris ou de Bordeaux:\u00a0<a style=\"letter-spacing: 0px;\" href=\"https:\/\/www.rose-up.fr\/accompagner\/rose-coaching-emploi\/\" target=\"_blank\" rel=\"noopener\">cliquez-ici<\/a><\/p><p>Il existe aussi des coachs sp\u00e9cialis\u00e9s (il seront ajout\u00e9s au fur et \u00e0 mesure dans notre rubrique <a href=\"https:\/\/unliondansmonsalon.com\/index.php\/annuaireprofessionnelsvitalite\/\" target=\"_blank\" rel=\"noopener\">annuaire des professionnels de la vitalit\u00e9<\/a>)<\/p><p>\u00a0<\/p>\t\t\t\t\t\t<\/div>\n\t\t\t\t<\/div>\n\t\t\t\t\t<\/div>\n\t\t<\/div>\n\t\t\t\t\t<\/div>\n\t\t<\/section>\n\t\t\t\t<section class=\"elementor-section elementor-top-section elementor-element elementor-element-ade65a3 elementor-section-boxed elementor-section-height-default elementor-section-height-default qodef-elementor-content-no\" data-id=\"ade65a3\" data-element_type=\"section\">\n\t\t\t\t\t\t<div class=\"elementor-container elementor-column-gap-default\">\n\t\t\t\t\t<div class=\"elementor-column elementor-col-100 elementor-top-column elementor-element elementor-element-20d651f\" data-id=\"20d651f\" data-element_type=\"column\">\n\t\t\t<div class=\"elementor-widget-wrap elementor-element-populated\">\n\t\t\t\t\t\t<div class=\"elementor-element elementor-element-168df74 elementor-widget elementor-widget-heading\" data-id=\"168df74\" data-element_type=\"widget\" data-widget_type=\"heading.default\">\n\t\t\t\t<div class=\"elementor-widget-container\">\n\t\t\t<h2 class=\"elementor-heading-title elementor-size-default\">les effets secondaires <\/h2>\t\t<\/div>\n\t\t\t\t<\/div>\n\t\t\t\t\t<\/div>\n\t\t<\/div>\n\t\t\t\t\t<\/div>\n\t\t<\/section>\n\t\t\t\t<section class=\"elementor-section elementor-top-section elementor-element elementor-element-8b07dc8 elementor-section-boxed elementor-section-height-default elementor-section-height-default qodef-elementor-content-no\" data-id=\"8b07dc8\" data-element_type=\"section\">\n\t\t\t\t\t\t<div class=\"elementor-container elementor-column-gap-default\">\n\t\t\t\t\t<div class=\"elementor-column elementor-col-100 elementor-top-column elementor-element elementor-element-f9c2683\" data-id=\"f9c2683\" data-element_type=\"column\">\n\t\t\t<div class=\"elementor-widget-wrap elementor-element-populated\">\n\t\t\t\t\t\t<div class=\"elementor-element elementor-element-f6216d0 elementor-widget elementor-widget-text-editor\" data-id=\"f6216d0\" data-element_type=\"widget\" data-widget_type=\"text-editor.default\">\n\t\t\t\t<div class=\"elementor-widget-container\">\n\t\t\t\t\t\t\t<p>Il est possible d&rsquo;avoir des effets secondaires post-chimio.\u00a0<\/p><p>Certaines personnes ont par exemple des troubles de la m\u00e9moire. Si ces troubles persistent un an apr\u00e8s le traitement, n&rsquo;h\u00e9sitez pas \u00e0 en parler \u00e0 votre oncologue. Celui-ci pourra le cas \u00e9ch\u00e9ant vous pr\u00e9coniser un rendez-vous avec un sp\u00e9cialiste de la m\u00e9moire. Il existe quelques sp\u00e9cialistes donnant des consultations en m\u00e9moire en France. En tout cas, rassurez-vous, il ne s&rsquo;agit pas d&rsquo;une maladie d\u00e9g\u00e9n\u00e9rative du cerveau.<\/p><p>Voici un article de Rose-Up au sujet du \u00ab\u00a0ChemoFog: la chimioth\u00e9rapie provoque t&rsquo;elle des troubles de la m\u00e9moire?\u00a0\u00bb:\u00a0<a style=\"letter-spacing: 0px;\" href=\"https:\/\/www.rose-up.fr\/magazine\/chemofog-chimiotherapie-memoire\/\" target=\"_blank\" rel=\"noopener\">cliquez ici<\/a><\/p><p>Consultations m\u00e9moire:<\/p><p>&#8211; Contact pour Rouen :\u00a0<a style=\"letter-spacing: 0px;\" href=\"https:\/\/www.becquerel.fr\/wp-content\/uploads\/2020\/04\/201703.0263-IP-consultation.pdf\" target=\"_blank\" rel=\"noopener\">cliquez ici<\/a><\/p><p>&#8211; Contact pour l&rsquo;Ile de France (Gustave Roussy Isabelle L\u00e9ger):\u00a0<a style=\"letter-spacing: 0px;\" href=\"https:\/\/rdv.gustaveroussy.fr\/\" target=\"_blank\" rel=\"noopener\">cliquez-ici<\/a><\/p><p>L&rsquo;association onCOGITE propose \u00e9galement des ateliers virtuels ou en pr\u00e9sentiel dans toute la France. Objectif: permettre \u00e0 tous les patients trait\u00e9s pour un cancer, partout en France, d&rsquo;acc\u00e9der \u00e0 une prise en charge de qualit\u00e9 pour les aider \u00e0 reconnecter \u00e0 leur neurones. (cotisation de 20 euros par an). Pour plus d&rsquo;informations,\u00a0<a style=\"letter-spacing: 0px;\" href=\"https:\/\/oncogite.com\/\" target=\"_blank\" rel=\"noopener\">cliquez-ici<\/a><\/p>\t\t\t\t\t\t<\/div>\n\t\t\t\t<\/div>\n\t\t\t\t\t<\/div>\n\t\t<\/div>\n\t\t\t\t\t<\/div>\n\t\t<\/section>\n\t\t\t\t<section class=\"elementor-section elementor-top-section elementor-element elementor-element-046a772 elementor-section-boxed elementor-section-height-default elementor-section-height-default qodef-elementor-content-no\" data-id=\"046a772\" data-element_type=\"section\">\n\t\t\t\t\t\t<div class=\"elementor-container elementor-column-gap-default\">\n\t\t\t\t\t<div class=\"elementor-column elementor-col-100 elementor-top-column elementor-element elementor-element-b93aac0\" data-id=\"b93aac0\" data-element_type=\"column\">\n\t\t\t<div class=\"elementor-widget-wrap elementor-element-populated\">\n\t\t\t\t\t\t<div class=\"elementor-element elementor-element-a8eaa22 elementor-widget elementor-widget-heading\" data-id=\"a8eaa22\" data-element_type=\"widget\" data-widget_type=\"heading.default\">\n\t\t\t\t<div class=\"elementor-widget-container\">\n\t\t\t<h2 class=\"elementor-heading-title elementor-size-default\">le droit a l'OUBLI<\/h2>\t\t<\/div>\n\t\t\t\t<\/div>\n\t\t\t\t<div class=\"elementor-element elementor-element-2b13427 elementor-widget elementor-widget-text-editor\" data-id=\"2b13427\" data-element_type=\"widget\" data-widget_type=\"text-editor.default\">\n\t\t\t\t<div class=\"elementor-widget-container\">\n\t\t\t\t\t\t\t<p>Voici un r\u00e9capitulatif de la loi et des dispositifs actuels :\u00a0<a href=\"https:\/\/unliondansmonsalon.com\/index.php\/2022\/02\/22\/ledroitaloublicancer\/\" target=\"_blank\" rel=\"noopener\">cliquez-ici<\/a><\/p>\t\t\t\t\t\t<\/div>\n\t\t\t\t<\/div>\n\t\t\t\t\t<\/div>\n\t\t<\/div>\n\t\t\t\t\t<\/div>\n\t\t<\/section>\n\t\t\t\t<section class=\"elementor-section elementor-top-section elementor-element elementor-element-76021bb elementor-section-boxed elementor-section-height-default elementor-section-height-default qodef-elementor-content-no\" data-id=\"76021bb\" data-element_type=\"section\">\n\t\t\t\t\t\t<div class=\"elementor-container elementor-column-gap-default\">\n\t\t\t\t\t<div class=\"elementor-column elementor-col-100 elementor-top-column elementor-element elementor-element-8478ff7\" data-id=\"8478ff7\" data-element_type=\"column\">\n\t\t\t<div class=\"elementor-widget-wrap elementor-element-populated\">\n\t\t\t\t\t\t<div class=\"elementor-element elementor-element-088b49f elementor-widget elementor-widget-heading\" data-id=\"088b49f\" data-element_type=\"widget\" data-widget_type=\"heading.default\">\n\t\t\t\t<div class=\"elementor-widget-container\">\n\t\t\t<h2 class=\"elementor-heading-title elementor-size-default\">temoignages<\/h2>\t\t<\/div>\n\t\t\t\t<\/div>\n\t\t\t\t\t<\/div>\n\t\t<\/div>\n\t\t\t\t\t<\/div>\n\t\t<\/section>\n\t\t\t\t<section class=\"elementor-section elementor-top-section elementor-element elementor-element-59489d6 elementor-section-boxed elementor-section-height-default elementor-section-height-default qodef-elementor-content-no\" data-id=\"59489d6\" data-element_type=\"section\">\n\t\t\t\t\t\t<div class=\"elementor-container elementor-column-gap-default\">\n\t\t\t\t\t<div class=\"elementor-column elementor-col-100 elementor-top-column elementor-element elementor-element-e25a22f\" data-id=\"e25a22f\" data-element_type=\"column\">\n\t\t\t<div class=\"elementor-widget-wrap elementor-element-populated\">\n\t\t\t\t\t\t<div class=\"elementor-element elementor-element-476001f elementor-widget elementor-widget-text-editor\" data-id=\"476001f\" data-element_type=\"widget\" data-widget_type=\"text-editor.default\">\n\t\t\t\t<div class=\"elementor-widget-container\">\n\t\t\t\t\t\t\t<p>#CmonNouveauMoi est une plateforme en cliquant ici qui donne la parole \u00e0 celles et ceux qui vivent ou ont v\u00e9cu le cancer (patient-e-s, aidant-e-s, soignant-e-s). Les nombreux t\u00e9moignages publi\u00e9s \u00e0 ce jour refl\u00e8tent la diversit\u00e9 des exp\u00e9riences mais racontent la m\u00eame histoire de r\u00e9silience !<\/p><p><br><\/p>\n<p>Les t\u00e9moignages de #CmonNouveauMoi brisent le tabou sur le cancer qui ne doit plus \u00eatre v\u00e9cu comme une \u00ab\u00a0condamnation \u00e0 mort sociale\u00a0\u00bb, mais plut\u00f4t comme une opportunit\u00e9 de se renouveler apr\u00e8s l&rsquo;\u00e9preuve.<\/p><p><br><\/p>\n<p>Les t\u00e9moignages de #CmonNouveauMoi portent ce message vital \u00e0 celles et ceux qui traversent l&rsquo;\u00e9preuve du cancer, et en laissant entrevoir un avenir o\u00f9 l&rsquo;on ne se demandera pas si tout redeviendra comme avant mais plut\u00f4t comment construire quelques chose de beau apr\u00e8s, selon Luz d&rsquo;Ans, fondatrice de #CmonNouveauMoi.<\/p><p><br><\/p>\n<p>Cette association a l&rsquo;ambition d&rsquo;aider les porteur-e-s de projet quelque soit l&rsquo;envergure (associatif, artisanal, entrepreneurial ou personnel) car construire son destin participe \u00e0 se projeter dans l&rsquo;avenir et dans la gu\u00e9rison.<\/p><p><br><\/p>\n<p>#CmonNouveauMoi rassemble une communaut\u00e9 virtuelle qui d\u00e9passe les fronti\u00e8res &#8211; de l&rsquo;Europe \u00e0 l&rsquo;Asie, de l&rsquo;Afrique aux Etats-Unis &#8211; et rayonne sur tous les r\u00e9seaux sociaux (Facebook, Instagram et Twitter) pur inspirer encore et toujours plus de personnes<\/p>\t\t\t\t\t\t<\/div>\n\t\t\t\t<\/div>\n\t\t\t\t\t<\/div>\n\t\t<\/div>\n\t\t\t\t\t<\/div>\n\t\t<\/section>\n\t\t\t\t<section class=\"elementor-section elementor-top-section elementor-element elementor-element-c6f0dd8 elementor-section-boxed elementor-section-height-default elementor-section-height-default qodef-elementor-content-no\" data-id=\"c6f0dd8\" data-element_type=\"section\">\n\t\t\t\t\t\t<div class=\"elementor-container elementor-column-gap-default\">\n\t\t\t\t\t<div class=\"elementor-column elementor-col-100 elementor-top-column elementor-element elementor-element-b7e97a3\" data-id=\"b7e97a3\" data-element_type=\"column\">\n\t\t\t<div class=\"elementor-widget-wrap elementor-element-populated\">\n\t\t\t\t\t\t<div class=\"elementor-element elementor-element-a69eeba elementor-widget elementor-widget-heading\" data-id=\"a69eeba\" data-element_type=\"widget\" data-widget_type=\"heading.default\">\n\t\t\t\t<div class=\"elementor-widget-container\">\n\t\t\t<h2 class=\"elementor-heading-title elementor-size-default\">enlever le pac<\/h2>\t\t<\/div>\n\t\t\t\t<\/div>\n\t\t\t\t\t<\/div>\n\t\t<\/div>\n\t\t\t\t\t<\/div>\n\t\t<\/section>\n\t\t\t\t<section class=\"elementor-section elementor-top-section elementor-element elementor-element-8be7bac elementor-section-boxed elementor-section-height-default elementor-section-height-default qodef-elementor-content-no\" data-id=\"8be7bac\" data-element_type=\"section\">\n\t\t\t\t\t\t<div class=\"elementor-container elementor-column-gap-default\">\n\t\t\t\t\t<div class=\"elementor-column elementor-col-100 elementor-top-column elementor-element elementor-element-dc876ed\" data-id=\"dc876ed\" data-element_type=\"column\">\n\t\t\t<div class=\"elementor-widget-wrap elementor-element-populated\">\n\t\t\t\t\t\t<div class=\"elementor-element elementor-element-07f7b4a elementor-widget elementor-widget-text-editor\" data-id=\"07f7b4a\" data-element_type=\"widget\" data-widget_type=\"text-editor.default\">\n\t\t\t\t<div class=\"elementor-widget-container\">\n\t\t\t\t\t\t\t<p>En construction<\/p><p>Les timings pr\u00e9conis\u00e9s pour enlever le port-\u00e0-cath (PAC) diff\u00e9rent selon votre parcours de soin et selon votre oncologue.<\/p>\t\t\t\t\t\t<\/div>\n\t\t\t\t<\/div>\n\t\t\t\t\t<\/div>\n\t\t<\/div>\n\t\t\t\t\t<\/div>\n\t\t<\/section>\n\t\t\t\t<section class=\"elementor-section elementor-top-section elementor-element elementor-element-fd12f18 elementor-section-boxed elementor-section-height-default elementor-section-height-default qodef-elementor-content-no\" data-id=\"fd12f18\" data-element_type=\"section\">\n\t\t\t\t\t\t<div class=\"elementor-container elementor-column-gap-default\">\n\t\t\t\t\t<div class=\"elementor-column elementor-col-100 elementor-top-column elementor-element elementor-element-11ce2cb\" data-id=\"11ce2cb\" data-element_type=\"column\">\n\t\t\t<div class=\"elementor-widget-wrap elementor-element-populated\">\n\t\t\t\t\t\t<div class=\"elementor-element elementor-element-d4ff427 elementor-widget elementor-widget-heading\" data-id=\"d4ff427\" data-element_type=\"widget\" data-widget_type=\"heading.default\">\n\t\t\t\t<div class=\"elementor-widget-container\">\n\t\t\t<h2 class=\"elementor-heading-title elementor-size-default\">les cures thermales<\/h2>\t\t<\/div>\n\t\t\t\t<\/div>\n\t\t\t\t\t<\/div>\n\t\t<\/div>\n\t\t\t\t\t<\/div>\n\t\t<\/section>\n\t\t\t\t<section class=\"elementor-section elementor-top-section elementor-element elementor-element-178b8de elementor-section-boxed elementor-section-height-default elementor-section-height-default qodef-elementor-content-no\" data-id=\"178b8de\" data-element_type=\"section\">\n\t\t\t\t\t\t<div class=\"elementor-container elementor-column-gap-default\">\n\t\t\t\t\t<div class=\"elementor-column elementor-col-100 elementor-top-column elementor-element elementor-element-f16ee23\" data-id=\"f16ee23\" data-element_type=\"column\">\n\t\t\t<div class=\"elementor-widget-wrap elementor-element-populated\">\n\t\t\t\t\t\t<div class=\"elementor-element elementor-element-937ec0e elementor-widget elementor-widget-text-editor\" data-id=\"937ec0e\" data-element_type=\"widget\" data-widget_type=\"text-editor.default\">\n\t\t\t\t<div class=\"elementor-widget-container\">\n\t\t\t\t\t\t\t<p>En construction<\/p>\t\t\t\t\t\t<\/div>\n\t\t\t\t<\/div>\n\t\t\t\t\t<\/div>\n\t\t<\/div>\n\t\t\t\t\t<\/div>\n\t\t<\/section>\n\t\t\t\t<section class=\"elementor-section elementor-top-section elementor-element elementor-element-a5810e2 elementor-section-boxed elementor-section-height-default elementor-section-height-default qodef-elementor-content-no\" data-id=\"a5810e2\" data-element_type=\"section\">\n\t\t\t\t\t\t<div class=\"elementor-container elementor-column-gap-default\">\n\t\t\t\t\t<div class=\"elementor-column elementor-col-100 elementor-top-column elementor-element elementor-element-bd1f701\" data-id=\"bd1f701\" data-element_type=\"column\">\n\t\t\t<div class=\"elementor-widget-wrap elementor-element-populated\">\n\t\t\t\t\t\t<div class=\"elementor-element elementor-element-b3ca5d5 elementor-widget elementor-widget-heading\" data-id=\"b3ca5d5\" data-element_type=\"widget\" data-widget_type=\"heading.default\">\n\t\t\t\t<div class=\"elementor-widget-container\">\n\t\t\t<h2 class=\"elementor-heading-title elementor-size-default\">prendre soin de son corps<\/h2>\t\t<\/div>\n\t\t\t\t<\/div>\n\t\t\t\t<div class=\"elementor-element elementor-element-cdcd398 elementor-widget elementor-widget-text-editor\" data-id=\"cdcd398\" data-element_type=\"widget\" data-widget_type=\"text-editor.default\">\n\t\t\t\t<div class=\"elementor-widget-container\">\n\t\t\t\t\t\t\t<p>En construction\u00a0<\/p><p>La peau et les UVs<\/p><p>La reconstruction apr\u00e8s une masectomie<\/p>\t\t\t\t\t\t<\/div>\n\t\t\t\t<\/div>\n\t\t\t\t\t<\/div>\n\t\t<\/div>\n\t\t\t\t\t<\/div>\n\t\t<\/section>\n\t\t\t\t<section class=\"elementor-section elementor-top-section elementor-element elementor-element-1a6838f elementor-section-boxed elementor-section-height-default elementor-section-height-default qodef-elementor-content-no\" data-id=\"1a6838f\" data-element_type=\"section\">\n\t\t\t\t\t\t<div class=\"elementor-container elementor-column-gap-default\">\n\t\t\t\t\t<div class=\"elementor-column elementor-col-100 elementor-top-column elementor-element elementor-element-79ef242\" data-id=\"79ef242\" data-element_type=\"column\">\n\t\t\t<div class=\"elementor-widget-wrap elementor-element-populated\">\n\t\t\t\t\t\t<div class=\"elementor-element elementor-element-5fb57ed elementor-widget elementor-widget-heading\" data-id=\"5fb57ed\" data-element_type=\"widget\" data-widget_type=\"heading.default\">\n\t\t\t\t<div class=\"elementor-widget-container\">\n\t\t\t<h2 class=\"elementor-heading-title elementor-size-default\">VOUS restez ACTEUR DE VOTRE SANTE<\/h2>\t\t<\/div>\n\t\t\t\t<\/div>\n\t\t\t\t<div class=\"elementor-element elementor-element-b0bd189 elementor-widget elementor-widget-text-editor\" data-id=\"b0bd189\" data-element_type=\"widget\" data-widget_type=\"text-editor.default\">\n\t\t\t\t<div class=\"elementor-widget-container\">\n\t\t\t\t\t\t\t<p>En construction&nbsp;<\/p>\t\t\t\t\t\t<\/div>\n\t\t\t\t<\/div>\n\t\t\t\t\t<\/div>\n\t\t<\/div>\n\t\t\t\t\t<\/div>\n\t\t<\/section>\n\t\t\t\t<\/div>\n\t\t","protected":false},"excerpt":{"rendered":"<p>les accompagnements possibles Tout d&rsquo;abord, bravo chaleureusement pour le chemin parcouru !\u00a0 Et quel chemin ! \u00a0 Si vous le souhaitez, il existe des accompagnements pendant la p\u00e9riode de l&rsquo;apr\u00e8s-cancer. \u00a0 En effet, pour certain(e)s, des questions peuvent se poser: comment r\u00e9int\u00e9grer le monde professionnel le cas \u00e9ch\u00e9ant? comment s&rsquo;adapter en termes de rythme professionnellement [&hellip;]<\/p>\n","protected":false},"author":1,"featured_media":0,"parent":0,"menu_order":0,"comment_status":"closed","ping_status":"closed","template":"qi-full-width.php","meta":{"_monsterinsights_skip_tracking":false,"_monsterinsights_sitenote_active":false,"_monsterinsights_sitenote_note":"","_monsterinsights_sitenote_category":0,"footnotes":""},"class_list":["post-4652","page","type-page","status-publish","hentry"],"_links":{"self":[{"href":"https:\/\/unliondansmonsalon.com\/index.php\/wp-json\/wp\/v2\/pages\/4652","targetHints":{"allow":["GET"]}}],"collection":[{"href":"https:\/\/unliondansmonsalon.com\/index.php\/wp-json\/wp\/v2\/pages"}],"about":[{"href":"https:\/\/unliondansmonsalon.com\/index.php\/wp-json\/wp\/v2\/types\/page"}],"author":[{"embeddable":true,"href":"https:\/\/unliondansmonsalon.com\/index.php\/wp-json\/wp\/v2\/users\/1"}],"replies":[{"embeddable":true,"href":"https:\/\/unliondansmonsalon.com\/index.php\/wp-json\/wp\/v2\/comments?post=4652"}],"version-history":[{"count":257,"href":"https:\/\/unliondansmonsalon.com\/index.php\/wp-json\/wp\/v2\/pages\/4652\/revisions"}],"predecessor-version":[{"id":5808,"href":"https:\/\/unliondansmonsalon.com\/index.php\/wp-json\/wp\/v2\/pages\/4652\/revisions\/5808"}],"wp:attachment":[{"href":"https:\/\/unliondansmonsalon.com\/index.php\/wp-json\/wp\/v2\/media?parent=4652"}],"curies":[{"name":"wp","href":"https:\/\/api.w.org\/{rel}","templated":true}]}}