{"id":3736,"date":"2022-04-10T22:03:27","date_gmt":"2022-04-10T20:03:27","guid":{"rendered":"https:\/\/unliondansmonsalon.com\/?page_id=3736"},"modified":"2022-08-15T10:51:41","modified_gmt":"2022-08-15T08:51:41","slug":"les-produits-bio","status":"publish","type":"page","link":"https:\/\/unliondansmonsalon.com\/index.php\/vitalitecancer\/les-produits-bio\/","title":{"rendered":"LES PRODUITS BIO"},"content":{"rendered":"\t\t<div data-elementor-type=\"wp-page\" data-elementor-id=\"3736\" class=\"elementor elementor-3736\" data-elementor-post-type=\"page\">\n\t\t\t\t\t\t<section class=\"elementor-section elementor-top-section elementor-element elementor-element-17362eb elementor-section-boxed elementor-section-height-default elementor-section-height-default qodef-elementor-content-no\" data-id=\"17362eb\" data-element_type=\"section\">\n\t\t\t\t\t\t<div class=\"elementor-container elementor-column-gap-default\">\n\t\t\t\t\t<div class=\"elementor-column elementor-col-100 elementor-top-column elementor-element elementor-element-b6142b5\" data-id=\"b6142b5\" data-element_type=\"column\">\n\t\t\t<div class=\"elementor-widget-wrap elementor-element-populated\">\n\t\t\t\t\t\t<div class=\"elementor-element elementor-element-f00334c elementor-widget elementor-widget-heading\" data-id=\"f00334c\" data-element_type=\"widget\" data-widget_type=\"heading.default\">\n\t\t\t\t<div class=\"elementor-widget-container\">\n\t\t\t<style>\/*! elementor - v3.20.0 - 26-03-2024 *\/\n.elementor-heading-title{padding:0;margin:0;line-height:1}.elementor-widget-heading .elementor-heading-title[class*=elementor-size-]>a{color:inherit;font-size:inherit;line-height:inherit}.elementor-widget-heading .elementor-heading-title.elementor-size-small{font-size:15px}.elementor-widget-heading .elementor-heading-title.elementor-size-medium{font-size:19px}.elementor-widget-heading .elementor-heading-title.elementor-size-large{font-size:29px}.elementor-widget-heading .elementor-heading-title.elementor-size-xl{font-size:39px}.elementor-widget-heading .elementor-heading-title.elementor-size-xxl{font-size:59px}<\/style><h2 class=\"elementor-heading-title elementor-size-default\">etude - PESTICIDES<\/h2>\t\t<\/div>\n\t\t\t\t<\/div>\n\t\t\t\t\t<\/div>\n\t\t<\/div>\n\t\t\t\t\t<\/div>\n\t\t<\/section>\n\t\t\t\t<section class=\"elementor-section elementor-top-section elementor-element elementor-element-fab894b elementor-section-boxed elementor-section-height-default elementor-section-height-default qodef-elementor-content-no\" data-id=\"fab894b\" data-element_type=\"section\">\n\t\t\t\t\t\t<div class=\"elementor-container elementor-column-gap-default\">\n\t\t\t\t\t<div class=\"elementor-column elementor-col-50 elementor-top-column elementor-element elementor-element-d65260d\" data-id=\"d65260d\" data-element_type=\"column\">\n\t\t\t<div class=\"elementor-widget-wrap elementor-element-populated\">\n\t\t\t\t\t\t<div class=\"elementor-element elementor-element-cad536a elementor-widget elementor-widget-text-editor\" data-id=\"cad536a\" data-element_type=\"widget\" data-widget_type=\"text-editor.default\">\n\t\t\t\t<div class=\"elementor-widget-container\">\n\t\t\t<style>\/*! elementor - v3.20.0 - 26-03-2024 *\/\n.elementor-widget-text-editor.elementor-drop-cap-view-stacked .elementor-drop-cap{background-color:#69727d;color:#fff}.elementor-widget-text-editor.elementor-drop-cap-view-framed .elementor-drop-cap{color:#69727d;border:3px solid;background-color:transparent}.elementor-widget-text-editor:not(.elementor-drop-cap-view-default) .elementor-drop-cap{margin-top:8px}.elementor-widget-text-editor:not(.elementor-drop-cap-view-default) .elementor-drop-cap-letter{width:1em;height:1em}.elementor-widget-text-editor .elementor-drop-cap{float:left;text-align:center;line-height:1;font-size:50px}.elementor-widget-text-editor .elementor-drop-cap-letter{display:inline-block}<\/style>\t\t\t\t<p><span style=\"color: var( --e-global-color-text ); letter-spacing: 0px;\">Voici un r\u00e9capitulatif des fruits et les l\u00e9gumes en France les plus contamin\u00e9s en pesticides (source: G\u00e9n\u00e9rations Futures)<\/span><\/p>\n<p><span style=\"color: var( --e-global-color-text ); letter-spacing: 0px;\">&nbsp;<\/span><\/p>\n<p><span style=\"color: var( --e-global-color-text ); letter-spacing: 0px;\">Cela vous permet de savoir ce qu&rsquo;il faut id\u00e9alement privil\u00e9gier en \u00ab\u00a0bio\u00a0\u00bb versus en \u00ab\u00a0non bio\u00a0\u00bb.<\/span><\/p>\n<p><span style=\"color: var( --e-global-color-text ); letter-spacing: 0px;\">&nbsp;<\/span><\/p>\n<p><span style=\"color: var( --e-global-color-text ); letter-spacing: 0px;\">Top 5 des fruits les plus contamin\u00e9s: cerises, cl\u00e9mentines\/mandarines, pamplemousses et nectarines\/p\u00eaches. La fraise arrive en 6i\u00e8me position.&nbsp;<\/span><\/p>\n<p><span style=\"color: var( --e-global-color-text ); letter-spacing: 0px;\">&nbsp;<\/span><\/p>\n<p><span style=\"color: var( --e-global-color-text ); letter-spacing: 0px;\">Top 5 des l\u00e9gumes les plus contamin\u00e9s: c\u00e9l\u00e9ris branche\/rave, herbes fra\u00eeches, endives, laitues, piments\/poivrons. La pomme de terre et le melon arrivent juste apr\u00e8s.<\/span><\/p><p><span style=\"color: var( --e-global-color-text ); letter-spacing: 0px;\"><br><\/span><\/p><p><br><\/p>\n<p><span style=\"color: var( --e-global-color-text ); letter-spacing: 0px;\">&nbsp;<\/span><\/p>\n<p><span style=\"color: var( --e-global-color-text ); letter-spacing: 0px;\">&nbsp;<\/span><\/p>\n<p><\/p>\t\t\t\t\t\t<\/div>\n\t\t\t\t<\/div>\n\t\t\t\t\t<\/div>\n\t\t<\/div>\n\t\t\t\t<div class=\"elementor-column elementor-col-50 elementor-top-column elementor-element elementor-element-8267bf5\" data-id=\"8267bf5\" data-element_type=\"column\">\n\t\t\t<div class=\"elementor-widget-wrap elementor-element-populated\">\n\t\t\t\t\t\t<div class=\"elementor-element elementor-element-942ea4a elementor-widget elementor-widget-button\" data-id=\"942ea4a\" data-element_type=\"widget\" data-widget_type=\"button.default\">\n\t\t\t\t<div class=\"elementor-widget-container\">\n\t\t\t\t\t<div class=\"elementor-button-wrapper\">\n\t\t\t<a class=\"elementor-button elementor-button-link elementor-size-sm\" href=\"https:\/\/www.generations-futures.fr\/publications\/residus-pesticides-2019\/\" target=\"_blank\">\n\t\t\t\t\t\t<span class=\"elementor-button-content-wrapper\">\n\t\t\t\t\t\t<span class=\"elementor-button-text\">Cliquez ici pour voir le r\u00e9capitulatif sur le site de G\u00e9n\u00e9rations Futures<\/span>\n\t\t<\/span>\n\t\t\t\t\t<\/a>\n\t\t<\/div>\n\t\t\t\t<\/div>\n\t\t\t\t<\/div>\n\t\t\t\t\t<\/div>\n\t\t<\/div>\n\t\t\t\t\t<\/div>\n\t\t<\/section>\n\t\t\t\t<section class=\"elementor-section elementor-top-section elementor-element elementor-element-5f31c83 elementor-section-boxed elementor-section-height-default elementor-section-height-default qodef-elementor-content-no\" data-id=\"5f31c83\" data-element_type=\"section\">\n\t\t\t\t\t\t<div class=\"elementor-container elementor-column-gap-default\">\n\t\t\t\t\t<div class=\"elementor-column elementor-col-100 elementor-top-column elementor-element elementor-element-743092b\" data-id=\"743092b\" data-element_type=\"column\">\n\t\t\t<div class=\"elementor-widget-wrap elementor-element-populated\">\n\t\t\t\t\t\t<div class=\"elementor-element elementor-element-7fbae00 elementor-widget elementor-widget-image\" data-id=\"7fbae00\" data-element_type=\"widget\" data-widget_type=\"image.default\">\n\t\t\t\t<div class=\"elementor-widget-container\">\n\t\t\t<style>\/*! elementor - v3.20.0 - 26-03-2024 *\/\n.elementor-widget-image{text-align:center}.elementor-widget-image a{display:inline-block}.elementor-widget-image a img[src$=\".svg\"]{width:48px}.elementor-widget-image img{vertical-align:middle;display:inline-block}<\/style>\t\t\t\t\t\t\t\t\t\t<img fetchpriority=\"high\" decoding=\"async\" width=\"738\" height=\"563\" src=\"https:\/\/unliondansmonsalon.com\/wp-content\/uploads\/2022\/04\/vademecum_fruits_legumes_residus_pesticides_2019-tt-width-738-height-563-fill-0-crop-0-bgcolor-eeeeee.jpeg\" class=\"attachment-large size-large wp-image-3773\" alt=\"\" srcset=\"https:\/\/unliondansmonsalon.com\/wp-content\/uploads\/2022\/04\/vademecum_fruits_legumes_residus_pesticides_2019-tt-width-738-height-563-fill-0-crop-0-bgcolor-eeeeee.jpeg 738w, https:\/\/unliondansmonsalon.com\/wp-content\/uploads\/2022\/04\/vademecum_fruits_legumes_residus_pesticides_2019-tt-width-738-height-563-fill-0-crop-0-bgcolor-eeeeee-300x229.jpeg 300w\" sizes=\"(max-width: 738px) 100vw, 738px\" \/>\t\t\t\t\t\t\t\t\t\t\t\t\t<\/div>\n\t\t\t\t<\/div>\n\t\t\t\t\t<\/div>\n\t\t<\/div>\n\t\t\t\t\t<\/div>\n\t\t<\/section>\n\t\t\t\t<section class=\"elementor-section elementor-top-section elementor-element elementor-element-dac54ff elementor-section-boxed elementor-section-height-default elementor-section-height-default qodef-elementor-content-no\" data-id=\"dac54ff\" data-element_type=\"section\">\n\t\t\t\t\t\t<div class=\"elementor-container elementor-column-gap-default\">\n\t\t\t\t\t<div class=\"elementor-column elementor-col-100 elementor-top-column elementor-element elementor-element-7ceb9f6\" data-id=\"7ceb9f6\" data-element_type=\"column\">\n\t\t\t<div class=\"elementor-widget-wrap elementor-element-populated\">\n\t\t\t\t\t\t<div class=\"elementor-element elementor-element-a860c5d elementor-widget elementor-widget-heading\" data-id=\"a860c5d\" data-element_type=\"widget\" data-widget_type=\"heading.default\">\n\t\t\t\t<div class=\"elementor-widget-container\">\n\t\t\t<h2 class=\"elementor-heading-title elementor-size-default\">LE BIO, c'EST CHER?<\/h2>\t\t<\/div>\n\t\t\t\t<\/div>\n\t\t\t\t\t<\/div>\n\t\t<\/div>\n\t\t\t\t\t<\/div>\n\t\t<\/section>\n\t\t\t\t<section class=\"elementor-section elementor-top-section elementor-element elementor-element-ced040b elementor-section-boxed elementor-section-height-default elementor-section-height-default qodef-elementor-content-no\" data-id=\"ced040b\" data-element_type=\"section\">\n\t\t\t\t\t\t<div class=\"elementor-container elementor-column-gap-default\">\n\t\t\t\t\t<div class=\"elementor-column elementor-col-100 elementor-top-column elementor-element elementor-element-2c40a44\" data-id=\"2c40a44\" data-element_type=\"column\">\n\t\t\t<div class=\"elementor-widget-wrap elementor-element-populated\">\n\t\t\t\t\t\t<div class=\"elementor-element elementor-element-cde5799 elementor-widget elementor-widget-text-editor\" data-id=\"cde5799\" data-element_type=\"widget\" data-widget_type=\"text-editor.default\">\n\t\t\t\t<div class=\"elementor-widget-container\">\n\t\t\t\t\t\t\t<p>Manger bio peut co\u00fbter cher.<\/p>\n<p><br><\/p>\n<p>Voici des pistes pour optimiser son budget:<\/p>\n<p><br><\/p>\n<p>&#8211; privil\u00e9gier les fruits et les l\u00e9gumes bio locaux et de saison&nbsp;<\/p>\n<p><br><\/p>\n<p>&#8211; vous pouvez arbitrer entre les produits bio et non bio en fonction des \u00e9tudes sur les pesticides (voir ci-dessus)<\/p><p><br><\/p><p>&#8211; privil\u00e9gier en alternative les produits issus de l&rsquo;agriculture raisonn\u00e9e<\/p>\n<p><br><\/p>\n<p>&#8211; comme recommand\u00e9 sur le blog d&rsquo;Eva Ouahb\u00e9, naturopathe:<\/p>\n<p><br><\/p>\n<p>il existe aujourd&rsquo;hui plusieurs sites avec des produits bio \u00e0 prix r\u00e9duit:<\/p>\n<p><br><\/p>\n<p><span style=\"color: var( --e-global-color-text ); letter-spacing: 0px;\">https:\/\/lafourche.fr\/<\/span><\/p>\n<p><span style=\"color: var( --e-global-color-text ); letter-spacing: 0px;\">https:\/\/auroremarket.fr\/<\/span><\/p>\n<p><span style=\"color: var( --e-global-color-text ); letter-spacing: 0px;\">https:\/\/www.greenweez.com\/<\/span><\/p>\n<p><br><\/p>\n<p>pour acheter des fruits et l\u00e9gumes bio:<\/p>\n<p>https:\/\/www.epicery.com<br><\/p>\n<p>https:\/\/www.larecolte.fr\/<br><\/p>\n<p>https:\/\/www.drive-fermier.fr\/ (r\u00e9seau de producteurs locaux g\u00e9r\u00e9s par les chambres d&rsquo;agriculture dans une logique de circuit court et de proximit\u00e9)<br><\/p>\n<p>http:\/\/www.reseau-amap.org\/&nbsp; (le r\u00e9seau AMAP permet \u00e0 des agriculteurs de vendre en direct leurs produits dans des lieux fix\u00e9s en ville.)<\/p>\n<p><br><\/p>\n<p>&#8211; pour les fruits et les l\u00e9gumes qui ne sont pas de saison, il y a aussi Picard qui propose aujourd&rsquo;hui un rayon bio de plus en plus important<\/p>\n<p><br><\/p>\n<p><br><\/p>\t\t\t\t\t\t<\/div>\n\t\t\t\t<\/div>\n\t\t\t\t<div class=\"elementor-element elementor-element-b46043d elementor-widget elementor-widget-heading\" data-id=\"b46043d\" data-element_type=\"widget\" data-widget_type=\"heading.default\">\n\t\t\t\t<div class=\"elementor-widget-container\">\n\t\t\t<h2 class=\"elementor-heading-title elementor-size-default\">ARTICLES INTERESSANTS<\/h2>\t\t<\/div>\n\t\t\t\t<\/div>\n\t\t\t\t\t<\/div>\n\t\t<\/div>\n\t\t\t\t\t<\/div>\n\t\t<\/section>\n\t\t\t\t<section class=\"elementor-section elementor-top-section elementor-element elementor-element-d699b02 elementor-section-boxed elementor-section-height-default elementor-section-height-default qodef-elementor-content-no\" data-id=\"d699b02\" data-element_type=\"section\">\n\t\t\t\t\t\t<div class=\"elementor-container elementor-column-gap-default\">\n\t\t\t\t\t<div class=\"elementor-column elementor-col-100 elementor-top-column elementor-element elementor-element-a8272c3\" data-id=\"a8272c3\" data-element_type=\"column\">\n\t\t\t<div class=\"elementor-widget-wrap elementor-element-populated\">\n\t\t\t\t\t\t<div class=\"elementor-element elementor-element-94780dd elementor-widget elementor-widget-text-editor\" data-id=\"94780dd\" data-element_type=\"widget\" data-widget_type=\"text-editor.default\">\n\t\t\t\t<div class=\"elementor-widget-container\">\n\t\t\t\t\t\t\t\t\t\t\t\t\t<\/div>\n\t\t\t\t<\/div>\n\t\t\t\t\t<\/div>\n\t\t<\/div>\n\t\t\t\t\t<\/div>\n\t\t<\/section>\n\t\t\t\t<section class=\"elementor-section elementor-top-section elementor-element elementor-element-8508877 elementor-section-boxed elementor-section-height-default elementor-section-height-default qodef-elementor-content-no\" data-id=\"8508877\" data-element_type=\"section\">\n\t\t\t\t\t\t<div class=\"elementor-container elementor-column-gap-default\">\n\t\t\t\t\t<div class=\"elementor-column elementor-col-50 elementor-top-column elementor-element elementor-element-7089433\" data-id=\"7089433\" data-element_type=\"column\">\n\t\t\t<div class=\"elementor-widget-wrap elementor-element-populated\">\n\t\t\t\t\t\t<div class=\"elementor-element elementor-element-658bb24 elementor-widget elementor-widget-text-editor\" data-id=\"658bb24\" data-element_type=\"widget\" data-widget_type=\"text-editor.default\">\n\t\t\t\t<div class=\"elementor-widget-container\">\n\t\t\t\t\t\t\t<p>Voici un article de Capital sur les fruits et l\u00e9gumes les plus contamin\u00e9s (rapport UFC Que Choisir &#8211; mars 2022)<\/p>\t\t\t\t\t\t<\/div>\n\t\t\t\t<\/div>\n\t\t\t\t\t<\/div>\n\t\t<\/div>\n\t\t\t\t<div class=\"elementor-column elementor-col-50 elementor-top-column elementor-element elementor-element-967ed4b\" data-id=\"967ed4b\" data-element_type=\"column\">\n\t\t\t<div class=\"elementor-widget-wrap elementor-element-populated\">\n\t\t\t\t\t\t<div class=\"elementor-element elementor-element-cf3925a elementor-widget elementor-widget-button\" data-id=\"cf3925a\" data-element_type=\"widget\" data-widget_type=\"button.default\">\n\t\t\t\t<div class=\"elementor-widget-container\">\n\t\t\t\t\t<div class=\"elementor-button-wrapper\">\n\t\t\t<a class=\"elementor-button elementor-button-link elementor-size-sm\" href=\"https:\/\/www.capital.fr\/conso\/pesticides-a-risque-voici-les-fruits-et-legumes-les-plus-contamines-1431993\" target=\"_blank\">\n\t\t\t\t\t\t<span class=\"elementor-button-content-wrapper\">\n\t\t\t\t\t\t<span class=\"elementor-button-text\">Cliquez ici<\/span>\n\t\t<\/span>\n\t\t\t\t\t<\/a>\n\t\t<\/div>\n\t\t\t\t<\/div>\n\t\t\t\t<\/div>\n\t\t\t\t\t<\/div>\n\t\t<\/div>\n\t\t\t\t\t<\/div>\n\t\t<\/section>\n\t\t\t\t<\/div>\n\t\t","protected":false},"excerpt":{"rendered":"<p>etude &#8211; PESTICIDES Voici un r\u00e9capitulatif des fruits et les l\u00e9gumes en France les plus contamin\u00e9s en pesticides (source: G\u00e9n\u00e9rations Futures) &nbsp; Cela vous permet de savoir ce qu&rsquo;il faut id\u00e9alement privil\u00e9gier en \u00ab\u00a0bio\u00a0\u00bb versus en \u00ab\u00a0non bio\u00a0\u00bb. &nbsp; Top 5 des fruits les plus contamin\u00e9s: cerises, cl\u00e9mentines\/mandarines, pamplemousses et nectarines\/p\u00eaches. La fraise arrive en [&hellip;]<\/p>\n","protected":false},"author":1,"featured_media":0,"parent":2789,"menu_order":0,"comment_status":"closed","ping_status":"closed","template":"","meta":{"_monsterinsights_skip_tracking":false,"_monsterinsights_sitenote_active":false,"_monsterinsights_sitenote_note":"","_monsterinsights_sitenote_category":0,"footnotes":""},"class_list":["post-3736","page","type-page","status-publish","hentry"],"_links":{"self":[{"href":"https:\/\/unliondansmonsalon.com\/index.php\/wp-json\/wp\/v2\/pages\/3736","targetHints":{"allow":["GET"]}}],"collection":[{"href":"https:\/\/unliondansmonsalon.com\/index.php\/wp-json\/wp\/v2\/pages"}],"about":[{"href":"https:\/\/unliondansmonsalon.com\/index.php\/wp-json\/wp\/v2\/types\/page"}],"author":[{"embeddable":true,"href":"https:\/\/unliondansmonsalon.com\/index.php\/wp-json\/wp\/v2\/users\/1"}],"replies":[{"embeddable":true,"href":"https:\/\/unliondansmonsalon.com\/index.php\/wp-json\/wp\/v2\/comments?post=3736"}],"version-history":[{"count":37,"href":"https:\/\/unliondansmonsalon.com\/index.php\/wp-json\/wp\/v2\/pages\/3736\/revisions"}],"predecessor-version":[{"id":3830,"href":"https:\/\/unliondansmonsalon.com\/index.php\/wp-json\/wp\/v2\/pages\/3736\/revisions\/3830"}],"up":[{"embeddable":true,"href":"https:\/\/unliondansmonsalon.com\/index.php\/wp-json\/wp\/v2\/pages\/2789"}],"wp:attachment":[{"href":"https:\/\/unliondansmonsalon.com\/index.php\/wp-json\/wp\/v2\/media?parent=3736"}],"curies":[{"name":"wp","href":"https:\/\/api.w.org\/{rel}","templated":true}]}}