{"id":2791,"date":"2020-10-02T14:26:04","date_gmt":"2020-10-02T12:26:04","guid":{"rendered":"https:\/\/qi2.qodeinteractive.com\/?page_id=343"},"modified":"2022-03-16T23:01:17","modified_gmt":"2022-03-16T22:01:17","slug":"co-construction-contribution","status":"publish","type":"page","link":"https:\/\/unliondansmonsalon.com\/index.php\/co-construction-contribution\/","title":{"rendered":"Contribuez \u00e0 ce site !"},"content":{"rendered":"\t\t<div data-elementor-type=\"wp-page\" data-elementor-id=\"2791\" class=\"elementor elementor-2791\" data-elementor-post-type=\"page\">\n\t\t\t\t\t\t<section class=\"elementor-section elementor-top-section elementor-element elementor-element-109a4422 elementor-section-full_width qodef-elementor-content-grid elementor-section-height-default elementor-section-height-default\" data-id=\"109a4422\" data-element_type=\"section\">\n\t\t\t\t\t\t<div class=\"elementor-container elementor-column-gap-no\">\n\t\t\t\t\t<div class=\"elementor-column elementor-col-100 elementor-top-column elementor-element elementor-element-12f5f1cf\" data-id=\"12f5f1cf\" data-element_type=\"column\">\n\t\t\t<div class=\"elementor-widget-wrap elementor-element-populated\">\n\t\t\t\t\t\t<div class=\"elementor-element elementor-element-30903343 elementor-widget elementor-widget-qi_addons_for_elementor_section_title\" data-id=\"30903343\" data-element_type=\"widget\" data-widget_type=\"qi_addons_for_elementor_section_title.default\">\n\t\t\t\t<div class=\"elementor-widget-container\">\n\t\t\t<div class=\"qodef-shortcode qodef-m  qodef-qi-section-title  qodef-decoration--italic  qodef-link--underline-draw qodef-subtitle-icon--left\">\n\t\t\t\t\t\t\t\t<div class=\"qodef-m-text\"><p><strong>Contactez-nous ! <\/strong><\/p><p>\u00a0<\/p><p>Vous souhaitez contribuer en soumettant un site web, un article ou une ressource? Vous souhaitez devenir partenaire ou vous souhaitez \u00eatre r\u00e9f\u00e9renc\u00e9 dans l'annuaire des professionnels de la vitalit\u00e9?<\/p><p>\u00a0<\/p><p><strong>unliondansmonsalon@gmail.com<\/strong><\/p><\/div>\n\t<\/div>\n\t\t<\/div>\n\t\t\t\t<\/div>\n\t\t\t\t\t<\/div>\n\t\t<\/div>\n\t\t\t\t\t<\/div>\n\t\t<\/section>\n\t\t\t\t<\/div>\n\t\t","protected":false},"excerpt":{"rendered":"<p>Contactez-nous ! \u00a0 Vous souhaitez contribuer en soumettant un site web, un article ou une ressource? Vous souhaitez devenir partenaire ou vous souhaitez \u00eatre r\u00e9f\u00e9renc\u00e9 dans l&rsquo;annuaire des professionnels de la vitalit\u00e9? \u00a0 unliondansmonsalon@gmail.com<\/p>\n","protected":false},"author":1,"featured_media":1681,"parent":0,"menu_order":0,"comment_status":"closed","ping_status":"closed","template":"","meta":{"_monsterinsights_skip_tracking":false,"_monsterinsights_sitenote_active":false,"_monsterinsights_sitenote_note":"","_monsterinsights_sitenote_category":0,"footnotes":""},"class_list":["post-2791","page","type-page","status-publish","has-post-thumbnail","hentry"],"_links":{"self":[{"href":"https:\/\/unliondansmonsalon.com\/index.php\/wp-json\/wp\/v2\/pages\/2791","targetHints":{"allow":["GET"]}}],"collection":[{"href":"https:\/\/unliondansmonsalon.com\/index.php\/wp-json\/wp\/v2\/pages"}],"about":[{"href":"https:\/\/unliondansmonsalon.com\/index.php\/wp-json\/wp\/v2\/types\/page"}],"author":[{"embeddable":true,"href":"https:\/\/unliondansmonsalon.com\/index.php\/wp-json\/wp\/v2\/users\/1"}],"replies":[{"embeddable":true,"href":"https:\/\/unliondansmonsalon.com\/index.php\/wp-json\/wp\/v2\/comments?post=2791"}],"version-history":[{"count":4,"href":"https:\/\/unliondansmonsalon.com\/index.php\/wp-json\/wp\/v2\/pages\/2791\/revisions"}],"predecessor-version":[{"id":3518,"href":"https:\/\/unliondansmonsalon.com\/index.php\/wp-json\/wp\/v2\/pages\/2791\/revisions\/3518"}],"wp:featuredmedia":[{"embeddable":true,"href":"https:\/\/unliondansmonsalon.com\/index.php\/wp-json\/wp\/v2\/media\/1681"}],"wp:attachment":[{"href":"https:\/\/unliondansmonsalon.com\/index.php\/wp-json\/wp\/v2\/media?parent=2791"}],"curies":[{"name":"wp","href":"https:\/\/api.w.org\/{rel}","templated":true}]}}