{"id":2790,"date":"2020-10-02T14:00:35","date_gmt":"2020-10-02T12:00:35","guid":{"rendered":"https:\/\/qi2.qodeinteractive.com\/?page_id=322"},"modified":"2023-11-06T11:53:02","modified_gmt":"2023-11-06T10:53:02","slug":"annuaireprofessionnelsvitalite","status":"publish","type":"page","link":"https:\/\/unliondansmonsalon.com\/index.php\/annuaireprofessionnelsvitalite\/","title":{"rendered":"Annuaire des professionnels de la vitalit\u00e9"},"content":{"rendered":"\t\t<div data-elementor-type=\"wp-page\" data-elementor-id=\"2790\" class=\"elementor elementor-2790\" data-elementor-post-type=\"page\">\n\t\t\t\t\t\t<section class=\"elementor-section elementor-top-section elementor-element elementor-element-5a0a72b6 elementor-section-full_width qodef-elementor-content-grid elementor-section-height-default elementor-section-height-default\" data-id=\"5a0a72b6\" data-element_type=\"section\">\n\t\t\t\t\t\t<div class=\"elementor-container elementor-column-gap-no\">\n\t\t\t\t\t<div class=\"elementor-column elementor-col-33 elementor-top-column elementor-element elementor-element-455373de\" data-id=\"455373de\" data-element_type=\"column\" data-settings=\"{&quot;background_background&quot;:&quot;classic&quot;}\">\n\t\t\t<div class=\"elementor-widget-wrap elementor-element-populated\">\n\t\t\t\t\t\t<div class=\"elementor-element elementor-element-220ae14b elementor-widget elementor-widget-qi_addons_for_elementor_section_title\" data-id=\"220ae14b\" data-element_type=\"widget\" data-widget_type=\"qi_addons_for_elementor_section_title.default\">\n\t\t\t\t<div class=\"elementor-widget-container\">\n\t\t\t<div class=\"qodef-shortcode qodef-m  qodef-qi-section-title  qodef-decoration--italic  qodef-link--underline-draw qodef-subtitle-icon--left\">\n\t\t\t\t\t\t<h5 class=\"qodef-m-title\">\n\t\tDOCTOLIB\t<\/h5>\n\t\t\t<div class=\"qodef-m-text\"><p>D'une mani\u00e8re g\u00e9n\u00e9rale, vous trouverez les m\u00e9decins et professionnels de la sant\u00e9 dans l'application Doctolib (canc\u00e9rologues, kin\u00e9sith\u00e9rapeutes, m\u00e9decins g\u00e9n\u00e9ralistes, podologues, psychologues, dentistes, stomatologues, etc)<\/p><p>N'h\u00e9sitez pas \u00e0 demander des contacts \u00e0 votre m\u00e9decin g\u00e9n\u00e9raliste en cas de doute. Votre pharmacie de quartier peut \u00e9galement vous aider.<\/p><\/div>\n\t\t<div class=\"qodef-m-button qodef-qi-clear\">\n\t\t<a class=\"qodef-shortcode qodef-m  qodef-qi-button qodef-html--link qodef-layout--textual qodef-type--standard   qodef-icon--right qodef-hover--icon-move-horizontal-short     \" href=\"https:\/\/www.doctolib.fr\/\" target=\"_self\">\t<span class=\"qodef-m-text\">Cliquez-ici<\/span>\t\t<span class=\"qodef-m-icon \">\t\t<span class=\"qodef-m-icon-inner\">\t\t\t<svg xmlns=\"http:\/\/www.w3.org\/2000\/svg\" xmlns:xlink=\"http:\/\/www.w3.org\/1999\/xlink\" x=\"0px\" y=\"0px\" viewBox=\"0 0 6 8\" style=\"stroke:transparent\" xml:space=\"preserve\"><g>\t<polygon points=\"1.265,8 0,6.434 2.881,4 0,1.568 1.265,0 6,4  \"><\/polygon><\/g><\/svg>\t\t\t\t\t<\/span>\t<\/span><\/a>\t<\/div>\n<\/div>\n\t\t<\/div>\n\t\t\t\t<\/div>\n\t\t\t\t\t<\/div>\n\t\t<\/div>\n\t\t\t\t<div class=\"elementor-column elementor-col-33 elementor-top-column elementor-element elementor-element-5e491779\" data-id=\"5e491779\" data-element_type=\"column\" data-settings=\"{&quot;background_background&quot;:&quot;classic&quot;}\">\n\t\t\t<div class=\"elementor-widget-wrap elementor-element-populated\">\n\t\t\t\t\t\t<div class=\"elementor-element elementor-element-378ad65c elementor-widget elementor-widget-qi_addons_for_elementor_section_title\" data-id=\"378ad65c\" data-element_type=\"widget\" data-widget_type=\"qi_addons_for_elementor_section_title.default\">\n\t\t\t\t<div class=\"elementor-widget-container\">\n\t\t\t<div class=\"qodef-shortcode qodef-m  qodef-qi-section-title  qodef-decoration--italic  qodef-link--underline-draw qodef-subtitle-icon--left\">\n\t\t\t\t\t\t<h5 class=\"qodef-m-title\">\n\t\tPROFESSIONNELS DE LA VITALITE FACE AU CANCER\t<\/h5>\n\t\t\t<div class=\"qodef-m-text\"><p>Voici la liste des professionnels identifi\u00e9s par \"Un Lion dans mon Salon\".\u00a0 Merci de suivre avant tout la m\u00e9decine traditionnelle. Ces professionnels interviennent en parall\u00e8le des traitements sans prendre de risque ou pour aider \u00e0 maintenir une r\u00e9mission dans le temps<\/p><\/div>\n\t\t<div class=\"qodef-m-button qodef-qi-clear\">\n\t\t<a class=\"qodef-shortcode qodef-m  qodef-qi-button qodef-html--link qodef-layout--textual qodef-type--standard   qodef-icon--right qodef-hover--icon-move-horizontal-short     \" href=\"https:\/\/unliondansmonsalon.com\/index.php\/professionnels-vitalite\/\" target=\"_blank\">\t<span class=\"qodef-m-text\">Cliquez-ici<\/span>\t\t<span class=\"qodef-m-icon \">\t\t<span class=\"qodef-m-icon-inner\">\t\t\t<svg xmlns=\"http:\/\/www.w3.org\/2000\/svg\" xmlns:xlink=\"http:\/\/www.w3.org\/1999\/xlink\" x=\"0px\" y=\"0px\" viewBox=\"0 0 6 8\" style=\"stroke:transparent\" xml:space=\"preserve\"><g>\t<polygon points=\"1.265,8 0,6.434 2.881,4 0,1.568 1.265,0 6,4  \"><\/polygon><\/g><\/svg>\t\t\t\t\t<\/span>\t<\/span><\/a>\t<\/div>\n<\/div>\n\t\t<\/div>\n\t\t\t\t<\/div>\n\t\t\t\t\t<\/div>\n\t\t<\/div>\n\t\t\t\t<div class=\"elementor-column elementor-col-33 elementor-top-column elementor-element elementor-element-1098e5\" data-id=\"1098e5\" data-element_type=\"column\" data-settings=\"{&quot;background_background&quot;:&quot;classic&quot;}\">\n\t\t\t<div class=\"elementor-widget-wrap elementor-element-populated\">\n\t\t\t\t\t\t<div class=\"elementor-element elementor-element-6c73a628 elementor-widget elementor-widget-qi_addons_for_elementor_section_title\" data-id=\"6c73a628\" data-element_type=\"widget\" data-widget_type=\"qi_addons_for_elementor_section_title.default\">\n\t\t\t\t<div class=\"elementor-widget-container\">\n\t\t\t<div class=\"qodef-shortcode qodef-m  qodef-qi-section-title  qodef-decoration--italic  qodef-link--underline-draw qodef-subtitle-icon--left\">\n\t\t\t\t\t\t<h5 class=\"qodef-m-title\">\n\t\tKINES - RESEAU DU CANCER DU SEIN\t<\/h5>\n\t\t\t<div class=\"qodef-m-text\"><p>Il existe un r\u00e9seau de kin\u00e9sith\u00e9rapeutes pour le cancer du sein<\/p><\/div>\n\t\t<div class=\"qodef-m-button qodef-qi-clear\">\n\t\t<a class=\"qodef-shortcode qodef-m  qodef-qi-button qodef-html--link qodef-layout--textual qodef-type--standard   qodef-icon--right qodef-hover--icon-move-horizontal-short     \" href=\"https:\/\/www.reseaudeskinesdusein.fr\/\" target=\"_self\">\t<span class=\"qodef-m-text\">Cliquez-ici<\/span>\t\t<span class=\"qodef-m-icon \">\t\t<span class=\"qodef-m-icon-inner\">\t\t\t<svg xmlns=\"http:\/\/www.w3.org\/2000\/svg\" xmlns:xlink=\"http:\/\/www.w3.org\/1999\/xlink\" x=\"0px\" y=\"0px\" viewBox=\"0 0 6 8\" style=\"stroke:transparent\" xml:space=\"preserve\"><g>\t<polygon points=\"1.265,8 0,6.434 2.881,4 0,1.568 1.265,0 6,4  \"><\/polygon><\/g><\/svg>\t\t\t\t\t<\/span>\t<\/span><\/a>\t<\/div>\n<\/div>\n\t\t<\/div>\n\t\t\t\t<\/div>\n\t\t\t\t\t<\/div>\n\t\t<\/div>\n\t\t\t\t\t<\/div>\n\t\t<\/section>\n\t\t\t\t<section class=\"elementor-section elementor-top-section elementor-element elementor-element-044f251 elementor-section-full_width qodef-elementor-content-grid elementor-section-height-default elementor-section-height-default\" data-id=\"044f251\" data-element_type=\"section\">\n\t\t\t\t\t\t<div class=\"elementor-container elementor-column-gap-no\">\n\t\t\t\t\t<div class=\"elementor-column elementor-col-50 elementor-top-column elementor-element elementor-element-723907d\" data-id=\"723907d\" data-element_type=\"column\">\n\t\t\t<div class=\"elementor-widget-wrap elementor-element-populated\">\n\t\t\t\t\t\t<div class=\"elementor-element elementor-element-1fe532a elementor-widget elementor-widget-qi_addons_for_elementor_accordion\" data-id=\"1fe532a\" data-element_type=\"widget\" data-widget_type=\"qi_addons_for_elementor_accordion.default\">\n\t\t\t\t<div class=\"elementor-widget-container\">\n\t\t\t<div class=\"qodef-shortcode qodef-m  qodef-qi-accordion qodef-qi-clear qodef-behavior--accordion qodef-layout--simple qodef-style--boxed qodef-height--auto\">\n\t<h3 class=\"qodef-e-title-holder\">\n\t<span class=\"qodef-e-title\">VOUS AVEZ UNE EXPERTISE DANS LE DOMAINE DE LA VITALITE FACE AU CANCER<\/span>\n\t<span class=\"qodef-e-mark\">\n\t\t<span class=\"qodef-icon--plus\">\n\t\t\t\t<span class=\"qodef-e-icon\">\n\t\t<i aria-hidden=\"true\" class=\"fas fa-chevron-down\"><\/i>\t<\/span>\n\t\t\t<\/span>\n\t\t<span class=\"qodef-icon--minus\">\n\t\t\t\t<span class=\"qodef-e-icon\">\n\t\t<i aria-hidden=\"true\" class=\"fas fa-minus\"><\/i>\t<\/span>\n\t\t\t<\/span>\n\t<\/span>\n<\/h3>\n<div class=\"qodef-e-content\">\n\t<div class=\"qodef-e-content-inner\">\n\t\t\t<\/div>\n<\/div>\n<h3 class=\"qodef-e-title-holder\">\n\t<span class=\"qodef-e-title\">VOUS ASSUREZ UN SERVICE PROFESSIONNEL ET BIENVEILLANT<\/span>\n\t<span class=\"qodef-e-mark\">\n\t\t<span class=\"qodef-icon--plus\">\n\t\t\t\t<span class=\"qodef-e-icon\">\n\t\t<i aria-hidden=\"true\" class=\"fas fa-chevron-down\"><\/i>\t<\/span>\n\t\t\t<\/span>\n\t\t<span class=\"qodef-icon--minus\">\n\t\t\t\t<span class=\"qodef-e-icon\">\n\t\t<i aria-hidden=\"true\" class=\"fas fa-minus\"><\/i>\t<\/span>\n\t\t\t<\/span>\n\t<\/span>\n<\/h3>\n<div class=\"qodef-e-content\">\n\t<div class=\"qodef-e-content-inner\">\n\t\t<p>Vous \u00eates professionnel, bienveillant et vous assurez un suivi rapproch\u00e9 de votre patient\u00e8le\/client\u00e8le?<\/p>\t<\/div>\n<\/div>\n<h3 class=\"qodef-e-title-holder\">\n\t<span class=\"qodef-e-title\">VOUS SOUHAITEZ DEVENIR PARTENAIRE<\/span>\n\t<span class=\"qodef-e-mark\">\n\t\t<span class=\"qodef-icon--plus\">\n\t\t\t\t<span class=\"qodef-e-icon\">\n\t\t<i aria-hidden=\"true\" class=\"fas fa-chevron-down\"><\/i>\t<\/span>\n\t\t\t<\/span>\n\t\t<span class=\"qodef-icon--minus\">\n\t\t\t\t<span class=\"qodef-e-icon\">\n\t\t<i aria-hidden=\"true\" class=\"fas fa-minus\"><\/i>\t<\/span>\n\t\t\t<\/span>\n\t<\/span>\n<\/h3>\n<div class=\"qodef-e-content\">\n\t<div class=\"qodef-e-content-inner\">\n\t\t<p>Nous recherchons des partenaires ayant \u00e0 coeur d'aider les personnes atteintes du cancer<\/p>\t<\/div>\n<\/div>\n<h3 class=\"qodef-e-title-holder\">\n\t<span class=\"qodef-e-title\">OU VOUS POUVEZ ACCOMPAGNER LES PERSONNES EN TRAITEMENT SUR LES SUJETS ADMINISTRATIFS OU EN ELABORANT  DES REPAS FAIT MAISON (SERVICE A LA PERSONNE)<\/span>\n\t<span class=\"qodef-e-mark\">\n\t\t<span class=\"qodef-icon--plus\">\n\t\t\t\t<span class=\"qodef-e-icon\">\n\t\t<i aria-hidden=\"true\" class=\"fas fa-chevron-down\"><\/i>\t<\/span>\n\t\t\t<\/span>\n\t\t<span class=\"qodef-icon--minus\">\n\t\t\t\t<span class=\"qodef-e-icon\">\n\t\t<i aria-hidden=\"true\" class=\"fas fa-minus\"><\/i>\t<\/span>\n\t\t\t<\/span>\n\t<\/span>\n<\/h3>\n<div class=\"qodef-e-content\">\n\t<div class=\"qodef-e-content-inner\">\n\t\t<p>Nous recherchons des partenaires ayant \u00e0 coeur d'aider les personnes atteintes du cancer<\/p>\t<\/div>\n<\/div>\n<\/div>\n\t\t<\/div>\n\t\t\t\t<\/div>\n\t\t\t\t\t<\/div>\n\t\t<\/div>\n\t\t\t\t<div class=\"elementor-column elementor-col-50 elementor-top-column elementor-element elementor-element-d4ff374\" data-id=\"d4ff374\" data-element_type=\"column\">\n\t\t\t<div class=\"elementor-widget-wrap elementor-element-populated\">\n\t\t\t\t\t\t<div class=\"elementor-element elementor-element-5fcad53 elementor-widget elementor-widget-qi_addons_for_elementor_section_title\" data-id=\"5fcad53\" data-element_type=\"widget\" data-widget_type=\"qi_addons_for_elementor_section_title.default\">\n\t\t\t\t<div class=\"elementor-widget-container\">\n\t\t\t<div class=\"qodef-shortcode qodef-m  qodef-qi-section-title  qodef-decoration--italic  qodef-link--underline-draw qodef-subtitle-icon--left\">\n\t\t\t\t\t\t<h3 class=\"qodef-m-title\">\n\t\tCONTACTEZ-NOUS POUR VOUS FAIRE REFERENCER\t<\/h3>\n\t\t\t\t<div class=\"qodef-m-button qodef-qi-clear\">\n\t\t<a class=\"qodef-shortcode qodef-m  qodef-qi-button qodef-html--link qodef-layout--filled qodef-type--standard   qodef-icon--right qodef-hover--icon-move-horizontal-short     \" href=\"https:\/\/unliondansmonsalon.com\/index.php\/co-construction-contribution\/\" target=\"_self\">\t<span class=\"qodef-m-text\">Cliquez-ici<\/span>\t\t<span class=\"qodef-m-icon \">\t\t<span class=\"qodef-m-icon-inner\">\t\t\t<svg xmlns=\"http:\/\/www.w3.org\/2000\/svg\" xmlns:xlink=\"http:\/\/www.w3.org\/1999\/xlink\" x=\"0px\" y=\"0px\" viewBox=\"0 0 6 8\" style=\"stroke:transparent\" xml:space=\"preserve\"><g>\t<polygon points=\"1.265,8 0,6.434 2.881,4 0,1.568 1.265,0 6,4  \"><\/polygon><\/g><\/svg>\t\t\t\t\t<\/span>\t<\/span><\/a>\t<\/div>\n<\/div>\n\t\t<\/div>\n\t\t\t\t<\/div>\n\t\t\t\t\t<\/div>\n\t\t<\/div>\n\t\t\t\t\t<\/div>\n\t\t<\/section>\n\t\t\t\t<\/div>\n\t\t","protected":false},"excerpt":{"rendered":"<p>DOCTOLIB D&rsquo;une mani\u00e8re g\u00e9n\u00e9rale, vous trouverez les m\u00e9decins et professionnels de la sant\u00e9 dans l&rsquo;application Doctolib (canc\u00e9rologues, kin\u00e9sith\u00e9rapeutes, m\u00e9decins g\u00e9n\u00e9ralistes, podologues, psychologues, dentistes, stomatologues, etc) N&rsquo;h\u00e9sitez pas \u00e0 demander des contacts \u00e0 votre m\u00e9decin g\u00e9n\u00e9raliste en cas de doute. Votre pharmacie de quartier peut \u00e9galement vous aider. Cliquez-ici PROFESSIONNELS DE LA VITALITE FACE AU CANCER [&hellip;]<\/p>\n","protected":false},"author":1,"featured_media":0,"parent":0,"menu_order":0,"comment_status":"closed","ping_status":"closed","template":"qi-full-width.php","meta":{"_monsterinsights_skip_tracking":false,"_monsterinsights_sitenote_active":false,"_monsterinsights_sitenote_note":"","_monsterinsights_sitenote_category":0,"footnotes":""},"class_list":["post-2790","page","type-page","status-publish","hentry"],"_links":{"self":[{"href":"https:\/\/unliondansmonsalon.com\/index.php\/wp-json\/wp\/v2\/pages\/2790","targetHints":{"allow":["GET"]}}],"collection":[{"href":"https:\/\/unliondansmonsalon.com\/index.php\/wp-json\/wp\/v2\/pages"}],"about":[{"href":"https:\/\/unliondansmonsalon.com\/index.php\/wp-json\/wp\/v2\/types\/page"}],"author":[{"embeddable":true,"href":"https:\/\/unliondansmonsalon.com\/index.php\/wp-json\/wp\/v2\/users\/1"}],"replies":[{"embeddable":true,"href":"https:\/\/unliondansmonsalon.com\/index.php\/wp-json\/wp\/v2\/comments?post=2790"}],"version-history":[{"count":25,"href":"https:\/\/unliondansmonsalon.com\/index.php\/wp-json\/wp\/v2\/pages\/2790\/revisions"}],"predecessor-version":[{"id":7179,"href":"https:\/\/unliondansmonsalon.com\/index.php\/wp-json\/wp\/v2\/pages\/2790\/revisions\/7179"}],"wp:attachment":[{"href":"https:\/\/unliondansmonsalon.com\/index.php\/wp-json\/wp\/v2\/media?parent=2790"}],"curies":[{"name":"wp","href":"https:\/\/api.w.org\/{rel}","templated":true}]}}