{"id":2789,"date":"2020-10-02T13:27:20","date_gmt":"2020-10-02T11:27:20","guid":{"rendered":"https:\/\/qi2.qodeinteractive.com\/?page_id=308"},"modified":"2023-11-06T11:49:51","modified_gmt":"2023-11-06T10:49:51","slug":"vitalitecancer","status":"publish","type":"page","link":"https:\/\/unliondansmonsalon.com\/index.php\/vitalitecancer\/","title":{"rendered":"La vitalit\u00e9 face au cancer"},"content":{"rendered":"\t\t<div data-elementor-type=\"wp-page\" data-elementor-id=\"2789\" class=\"elementor elementor-2789\" data-elementor-post-type=\"page\">\n\t\t\t\t\t\t<section class=\"elementor-section elementor-top-section elementor-element elementor-element-50b1f9ce elementor-section-full_width qodef-elementor-content-grid elementor-section-height-default elementor-section-height-default\" data-id=\"50b1f9ce\" data-element_type=\"section\">\n\t\t\t\t\t\t<div class=\"elementor-container elementor-column-gap-no\">\n\t\t\t\t\t<div class=\"elementor-column elementor-col-100 elementor-top-column elementor-element elementor-element-1cda1b02\" data-id=\"1cda1b02\" data-element_type=\"column\">\n\t\t\t<div class=\"elementor-widget-wrap elementor-element-populated\">\n\t\t\t\t\t\t<div class=\"elementor-element elementor-element-4262233d elementor-widget elementor-widget-qi_addons_for_elementor_section_title\" data-id=\"4262233d\" data-element_type=\"widget\" data-widget_type=\"qi_addons_for_elementor_section_title.default\">\n\t\t\t\t<div class=\"elementor-widget-container\">\n\t\t\t<div class=\"qodef-shortcode qodef-m  qodef-qi-section-title  qodef-decoration--italic  qodef-link--underline-draw qodef-subtitle-icon--left\">\n\t\t\t<h3 class=\"qodef-m-title\">\n\t\tLes 3 piliers de la vitalit\u00e9\t<\/h3>\n\t\t\t\t\t\t<\/div>\n\t\t<\/div>\n\t\t\t\t<\/div>\n\t\t\t\t\t<\/div>\n\t\t<\/div>\n\t\t\t\t\t<\/div>\n\t\t<\/section>\n\t\t\t\t<section class=\"elementor-section elementor-top-section elementor-element elementor-element-f327e99 elementor-section-boxed elementor-section-height-default elementor-section-height-default qodef-elementor-content-no\" data-id=\"f327e99\" data-element_type=\"section\">\n\t\t\t\t\t\t<div class=\"elementor-container elementor-column-gap-default\">\n\t\t\t\t\t<div class=\"elementor-column elementor-col-100 elementor-top-column elementor-element elementor-element-503f6eb\" data-id=\"503f6eb\" data-element_type=\"column\">\n\t\t\t<div class=\"elementor-widget-wrap elementor-element-populated\">\n\t\t\t\t\t\t<div class=\"elementor-element elementor-element-99c9335 elementor-widget elementor-widget-text-editor\" data-id=\"99c9335\" data-element_type=\"widget\" data-widget_type=\"text-editor.default\">\n\t\t\t\t<div class=\"elementor-widget-container\">\n\t\t\t<style>\/*! elementor - v3.20.0 - 26-03-2024 *\/\n.elementor-widget-text-editor.elementor-drop-cap-view-stacked .elementor-drop-cap{background-color:#69727d;color:#fff}.elementor-widget-text-editor.elementor-drop-cap-view-framed .elementor-drop-cap{color:#69727d;border:3px solid;background-color:transparent}.elementor-widget-text-editor:not(.elementor-drop-cap-view-default) .elementor-drop-cap{margin-top:8px}.elementor-widget-text-editor:not(.elementor-drop-cap-view-default) .elementor-drop-cap-letter{width:1em;height:1em}.elementor-widget-text-editor .elementor-drop-cap{float:left;text-align:center;line-height:1;font-size:50px}.elementor-widget-text-editor .elementor-drop-cap-letter{display:inline-block}<\/style>\t\t\t\t<p>Il existe plusieurs piliers li\u00e9s \u00e0 la vitalit\u00e9.\u00a0<\/p><p>\u00a0<\/p><p>\u00a0<\/p><p>Ces piliers sont utiles en pr\u00e9vention ou mettre toutes les chances de son c\u00f4t\u00e9 face \u00e0 une maladie, en parall\u00e8le des traitements conventionnels.\u00a0<\/p><p>\u00a0<\/p><p>\u00a0<\/p><p><b>Nous sommes tous unique. Vous pouvez piocher ce qui est bon et juste pour vous en fonction de vos besoins, et \u00e0 votre rythme.<\/b><\/p><p><b>\u00a0<\/b><\/p><p>\u00a0<\/p><p>N&rsquo;h\u00e9sitez pas \u00e0 cliquer sur les trois images ci-dessous:<\/p><p>\u00a0<\/p><p>1 : l&rsquo;alimentation<\/p><p>\u00a0<\/p><p>2 : la gestion des \u00e9motions<\/p><p>\u00a0<\/p><p>3 : prendre soin de son corps. Cette partie inclue des conseils pour r\u00e9duire les effets secondaires des traitements sur le corps (cr\u00e8mes, vernis) ainsi que des recommandations de bonnets et de perruques.<\/p><p>\u00a0<\/p><p>\u00a0<\/p>\t\t\t\t\t\t<\/div>\n\t\t\t\t<\/div>\n\t\t\t\t\t<\/div>\n\t\t<\/div>\n\t\t\t\t\t<\/div>\n\t\t<\/section>\n\t\t\t\t<section class=\"elementor-section elementor-top-section elementor-element elementor-element-90ad14e elementor-section-boxed elementor-section-height-default elementor-section-height-default qodef-elementor-content-no\" data-id=\"90ad14e\" data-element_type=\"section\">\n\t\t\t\t\t\t<div class=\"elementor-container elementor-column-gap-default\">\n\t\t\t\t\t<div class=\"elementor-column elementor-col-100 elementor-top-column elementor-element elementor-element-5110d5a\" data-id=\"5110d5a\" data-element_type=\"column\">\n\t\t\t<div class=\"elementor-widget-wrap elementor-element-populated\">\n\t\t\t\t\t\t<div class=\"elementor-element elementor-element-f855fed elementor-widget elementor-widget-text-editor\" data-id=\"f855fed\" data-element_type=\"widget\" data-widget_type=\"text-editor.default\">\n\t\t\t\t<div class=\"elementor-widget-container\">\n\t\t\t\t\t\t\t<p>Ce site n&rsquo;est pas un site m\u00e9dical. Il vient s&rsquo;inscrire dans une d\u00e9marche globale et int\u00e9grative de la sant\u00e9 en parall\u00e8le des traitements. En cas de cancer, merci de vous r\u00e9f\u00e9rer avant tout \u00e0 votre oncologue<\/p>\t\t\t\t\t\t<\/div>\n\t\t\t\t<\/div>\n\t\t\t\t\t<\/div>\n\t\t<\/div>\n\t\t\t\t\t<\/div>\n\t\t<\/section>\n\t\t\t\t<section class=\"elementor-section elementor-top-section elementor-element elementor-element-bde3fc9 elementor-section-boxed elementor-section-height-default elementor-section-height-default qodef-elementor-content-no\" data-id=\"bde3fc9\" data-element_type=\"section\">\n\t\t\t\t\t\t<div class=\"elementor-container elementor-column-gap-default\">\n\t\t\t\t\t<div class=\"elementor-column elementor-col-100 elementor-top-column elementor-element elementor-element-805ef97\" data-id=\"805ef97\" data-element_type=\"column\">\n\t\t\t<div class=\"elementor-widget-wrap elementor-element-populated\">\n\t\t\t\t\t\t<div class=\"elementor-element elementor-element-b5d1a31 elementor-widget elementor-widget-qode_essential_addons_portfolio_list\" data-id=\"b5d1a31\" data-element_type=\"widget\" data-widget_type=\"qode_essential_addons_portfolio_list.default\">\n\t\t\t\t<div class=\"elementor-widget-container\">\n\t\t\t<div class=\"qodef-shortcode qodef-m  qodef-portfolio-list qodef-item-layout--info-below qodef-alignment--centered    qodef-grid qodef-layout--columns  qodef-gutter--normal qodef-col-num--3  qodef-item-layout--info-below qodef-responsive--predefined\"  >\n\t<div class=\"qodef-grid-inner\">\n\t\t<article class=\"qodef-e qodef-grid-item qodef-item--full post-3003 portfolio-item type-portfolio-item status-publish has-post-thumbnail hentry portfolio-category-la-vitalite-face-au-cancer\">\n\t<div class=\"qodef-e-inner\" >\n\t\t<div class=\"qodef-e-image\">\n\t\t\t\t<div class=\"qodef-e-media-image\">\n\t\t<a itemprop=\"url\" href=\"https:\/\/unliondansmonsalon.com\/index.php\/portfolio-item\/alimentation-vitalite-cancer\/\">\n\t\t\t<img fetchpriority=\"high\" decoding=\"async\" width=\"2560\" height=\"1707\" src=\"https:\/\/unliondansmonsalon.com\/wp-content\/uploads\/2022\/02\/pexels-angele-j-128402-1-scaled-1.jpg\" class=\"attachment-full size-full wp-post-image\" alt=\"\" srcset=\"https:\/\/unliondansmonsalon.com\/wp-content\/uploads\/2022\/02\/pexels-angele-j-128402-1-scaled-1.jpg 2560w, https:\/\/unliondansmonsalon.com\/wp-content\/uploads\/2022\/02\/pexels-angele-j-128402-1-scaled-1-300x200.jpg 300w, https:\/\/unliondansmonsalon.com\/wp-content\/uploads\/2022\/02\/pexels-angele-j-128402-1-scaled-1-1024x683.jpg 1024w, https:\/\/unliondansmonsalon.com\/wp-content\/uploads\/2022\/02\/pexels-angele-j-128402-1-scaled-1-768x512.jpg 768w, https:\/\/unliondansmonsalon.com\/wp-content\/uploads\/2022\/02\/pexels-angele-j-128402-1-scaled-1-1536x1024.jpg 1536w, https:\/\/unliondansmonsalon.com\/wp-content\/uploads\/2022\/02\/pexels-angele-j-128402-1-scaled-1-2048x1366.jpg 2048w\" sizes=\"(max-width: 2560px) 100vw, 2560px\" \/>\t\t\t\t\t<\/a>\n\t<\/div>\n\t\t<\/div>\n\t\t<div class=\"qodef-e-content\" >\n\t\t\t\t\t\t\t\t\t\t\t<h5 itemprop=\"name\" class=\"qodef-e-title entry-title\" >\n\t<a itemprop=\"url\" class=\"qodef-e-title-link\" href=\"https:\/\/unliondansmonsalon.com\/index.php\/portfolio-item\/alimentation-vitalite-cancer\/\">\n\t\tALIMENTATION\t<\/a>\n<\/h5>\n\t\t\t\t\t<\/div>\n\t<\/div>\n<\/article>\n<article class=\"qodef-e qodef-grid-item qodef-item--full post-3002 portfolio-item type-portfolio-item status-publish has-post-thumbnail hentry portfolio-category-la-vitalite-face-au-cancer\">\n\t<div class=\"qodef-e-inner\" >\n\t\t<div class=\"qodef-e-image\">\n\t\t\t\t<div class=\"qodef-e-media-image\">\n\t\t<a itemprop=\"url\" href=\"https:\/\/unliondansmonsalon.com\/index.php\/portfolio-item\/la-gestion-des-emotions\/\">\n\t\t\t<img decoding=\"async\" width=\"1920\" height=\"1280\" src=\"https:\/\/unliondansmonsalon.com\/wp-content\/uploads\/2020\/09\/angry-gd776d001b_1920.jpg\" class=\"attachment-full size-full wp-post-image\" alt=\"\" srcset=\"https:\/\/unliondansmonsalon.com\/wp-content\/uploads\/2020\/09\/angry-gd776d001b_1920.jpg 1920w, https:\/\/unliondansmonsalon.com\/wp-content\/uploads\/2020\/09\/angry-gd776d001b_1920-300x200.jpg 300w, https:\/\/unliondansmonsalon.com\/wp-content\/uploads\/2020\/09\/angry-gd776d001b_1920-1024x683.jpg 1024w, https:\/\/unliondansmonsalon.com\/wp-content\/uploads\/2020\/09\/angry-gd776d001b_1920-768x512.jpg 768w, https:\/\/unliondansmonsalon.com\/wp-content\/uploads\/2020\/09\/angry-gd776d001b_1920-1536x1024.jpg 1536w\" sizes=\"(max-width: 1920px) 100vw, 1920px\" \/>\t\t\t\t\t<\/a>\n\t<\/div>\n\t\t<\/div>\n\t\t<div class=\"qodef-e-content\" >\n\t\t\t\t\t\t\t\t\t\t\t<h5 itemprop=\"name\" class=\"qodef-e-title entry-title\" >\n\t<a itemprop=\"url\" class=\"qodef-e-title-link\" href=\"https:\/\/unliondansmonsalon.com\/index.php\/portfolio-item\/la-gestion-des-emotions\/\">\n\t\tLa gestion des \u00e9motions\t<\/a>\n<\/h5>\n\t\t\t\t\t<\/div>\n\t<\/div>\n<\/article>\n<article class=\"qodef-e qodef-grid-item qodef-item--full post-3001 portfolio-item type-portfolio-item status-publish has-post-thumbnail hentry portfolio-category-la-vitalite-face-au-cancer\">\n\t<div class=\"qodef-e-inner\" >\n\t\t<div class=\"qodef-e-image\">\n\t\t\t\t<div class=\"qodef-e-media-image\">\n\t\t<a itemprop=\"url\" href=\"https:\/\/unliondansmonsalon.com\/index.php\/portfolio-item\/prendre-soin-de-son-corps-face-au-cancer\/\">\n\t\t\t<img decoding=\"async\" width=\"1280\" height=\"640\" src=\"https:\/\/unliondansmonsalon.com\/wp-content\/uploads\/2020\/09\/people-gaf8035957_1280.png\" class=\"attachment-full size-full wp-post-image\" alt=\"\" srcset=\"https:\/\/unliondansmonsalon.com\/wp-content\/uploads\/2020\/09\/people-gaf8035957_1280.png 1280w, https:\/\/unliondansmonsalon.com\/wp-content\/uploads\/2020\/09\/people-gaf8035957_1280-300x150.png 300w, https:\/\/unliondansmonsalon.com\/wp-content\/uploads\/2020\/09\/people-gaf8035957_1280-1024x512.png 1024w, https:\/\/unliondansmonsalon.com\/wp-content\/uploads\/2020\/09\/people-gaf8035957_1280-768x384.png 768w\" sizes=\"(max-width: 1280px) 100vw, 1280px\" \/>\t\t\t\t\t<\/a>\n\t<\/div>\n\t\t<\/div>\n\t\t<div class=\"qodef-e-content\" >\n\t\t\t\t\t\t\t\t\t\t\t<h5 itemprop=\"name\" class=\"qodef-e-title entry-title\" >\n\t<a itemprop=\"url\" class=\"qodef-e-title-link\" href=\"https:\/\/unliondansmonsalon.com\/index.php\/portfolio-item\/prendre-soin-de-son-corps-face-au-cancer\/\">\n\t\tPrendre soin de son corps\t<\/a>\n<\/h5>\n\t\t\t\t\t<\/div>\n\t<\/div>\n<\/article>\n\t<\/div>\n\t<\/div>\n\t\t<\/div>\n\t\t\t\t<\/div>\n\t\t\t\t\t<\/div>\n\t\t<\/div>\n\t\t\t\t\t<\/div>\n\t\t<\/section>\n\t\t\t\t<section class=\"elementor-section elementor-top-section elementor-element elementor-element-c55de83 elementor-section-boxed elementor-section-height-default elementor-section-height-default qodef-elementor-content-no\" data-id=\"c55de83\" data-element_type=\"section\">\n\t\t\t\t\t\t<div class=\"elementor-container elementor-column-gap-default\">\n\t\t\t\t\t<div class=\"elementor-column elementor-col-100 elementor-top-column elementor-element elementor-element-29bc27d\" data-id=\"29bc27d\" data-element_type=\"column\">\n\t\t\t<div class=\"elementor-widget-wrap\">\n\t\t\t\t\t\t\t<\/div>\n\t\t<\/div>\n\t\t\t\t\t<\/div>\n\t\t<\/section>\n\t\t\t\t<section class=\"elementor-section elementor-top-section elementor-element elementor-element-d76e511 elementor-section-boxed elementor-section-height-default elementor-section-height-default qodef-elementor-content-no\" data-id=\"d76e511\" data-element_type=\"section\">\n\t\t\t\t\t\t<div class=\"elementor-container elementor-column-gap-default\">\n\t\t\t\t\t<div class=\"elementor-column elementor-col-100 elementor-top-column elementor-element elementor-element-8a12a2e\" data-id=\"8a12a2e\" data-element_type=\"column\">\n\t\t\t<div class=\"elementor-widget-wrap elementor-element-populated\">\n\t\t\t\t\t\t<div class=\"elementor-element elementor-element-7f8df57 elementor-widget elementor-widget-image\" data-id=\"7f8df57\" data-element_type=\"widget\" data-widget_type=\"image.default\">\n\t\t\t\t<div class=\"elementor-widget-container\">\n\t\t\t<style>\/*! elementor - v3.20.0 - 26-03-2024 *\/\n.elementor-widget-image{text-align:center}.elementor-widget-image a{display:inline-block}.elementor-widget-image a img[src$=\".svg\"]{width:48px}.elementor-widget-image img{vertical-align:middle;display:inline-block}<\/style>\t\t\t\t\t\t\t\t\t\t<img loading=\"lazy\" decoding=\"async\" width=\"683\" height=\"1024\" src=\"https:\/\/unliondansmonsalon.com\/wp-content\/uploads\/2022\/04\/Pour-un-mode-de-vie-plus-e\u0301quilibre\u0301-commencez-par-Augmenter-Aller-vers-Re\u0301duire-affiche-1-683x1024.png\" class=\"attachment-large size-large wp-image-3785\" alt=\"\" srcset=\"https:\/\/unliondansmonsalon.com\/wp-content\/uploads\/2022\/04\/Pour-un-mode-de-vie-plus-e\u0301quilibre\u0301-commencez-par-Augmenter-Aller-vers-Re\u0301duire-affiche-1-683x1024.png 683w, https:\/\/unliondansmonsalon.com\/wp-content\/uploads\/2022\/04\/Pour-un-mode-de-vie-plus-e\u0301quilibre\u0301-commencez-par-Augmenter-Aller-vers-Re\u0301duire-affiche-1-200x300.png 200w, https:\/\/unliondansmonsalon.com\/wp-content\/uploads\/2022\/04\/Pour-un-mode-de-vie-plus-e\u0301quilibre\u0301-commencez-par-Augmenter-Aller-vers-Re\u0301duire-affiche-1-768x1152.png 768w, https:\/\/unliondansmonsalon.com\/wp-content\/uploads\/2022\/04\/Pour-un-mode-de-vie-plus-e\u0301quilibre\u0301-commencez-par-Augmenter-Aller-vers-Re\u0301duire-affiche-1-1024x1536.png 1024w, https:\/\/unliondansmonsalon.com\/wp-content\/uploads\/2022\/04\/Pour-un-mode-de-vie-plus-e\u0301quilibre\u0301-commencez-par-Augmenter-Aller-vers-Re\u0301duire-affiche-1.png 1181w\" sizes=\"(max-width: 683px) 100vw, 683px\" \/>\t\t\t\t\t\t\t\t\t\t\t\t\t<\/div>\n\t\t\t\t<\/div>\n\t\t\t\t\t<\/div>\n\t\t<\/div>\n\t\t\t\t\t<\/div>\n\t\t<\/section>\n\t\t\t\t<section class=\"elementor-section elementor-top-section elementor-element elementor-element-16318535 elementor-section-full_width elementor-section-height-default elementor-section-height-default qodef-elementor-content-no\" data-id=\"16318535\" data-element_type=\"section\" data-settings=\"{&quot;background_background&quot;:&quot;classic&quot;}\">\n\t\t\t\t\t\t<div class=\"elementor-container elementor-column-gap-no\">\n\t\t\t\t\t<div class=\"elementor-column elementor-col-50 elementor-top-column elementor-element elementor-element-1695c6ca\" data-id=\"1695c6ca\" data-element_type=\"column\">\n\t\t\t<div class=\"elementor-widget-wrap elementor-element-populated\">\n\t\t\t\t\t\t<div class=\"elementor-element elementor-element-cc01f19 elementor-widget elementor-widget-qi_addons_for_elementor_counter\" data-id=\"cc01f19\" data-element_type=\"widget\" data-widget_type=\"qi_addons_for_elementor_counter.default\">\n\t\t\t\t<div class=\"elementor-widget-container\">\n\t\t\t<div class=\"qodef-shortcode qodef-m  qodef-qi-counter qodef-layout--simple  qodef-digit-stroke-effect\" data-end-digit=\"5\">\n\t<div class=\"qodef-m-digit-wrapper\">\n\t\t<div class=\"qodef-m-digit\"><\/div>\n\t<\/div>\n\t\t<div class=\"qodef-m-content\">\n\t\t\t<h6 class=\"qodef-m-title\">\n\t\tFruits et legumes par jour\t<\/h6>\n\t\t\t<div class=\"qodef-m-text\">\n\t\tC'est le minimum \u00e0 suivre, l'id\u00e9al \u00e9tant d'aller au del\u00e0 de ce chiffre ! Ils apportent \u00e9norm\u00e9ment \u00e0 l'organisme. Les l\u00e9gumes ont l'avantage d'\u00eatre peu sucr\u00e9 par rapport aux fruits ! \t<\/div>\n\t<\/div>\n<\/div>\n\t\t<\/div>\n\t\t\t\t<\/div>\n\t\t\t\t\t<\/div>\n\t\t<\/div>\n\t\t\t\t<div class=\"elementor-column elementor-col-50 elementor-top-column elementor-element elementor-element-4b09a82b\" data-id=\"4b09a82b\" data-element_type=\"column\">\n\t\t\t<div class=\"elementor-widget-wrap elementor-element-populated\">\n\t\t\t\t\t\t<div class=\"elementor-element elementor-element-634c4006 elementor-widget elementor-widget-qi_addons_for_elementor_counter\" data-id=\"634c4006\" data-element_type=\"widget\" data-widget_type=\"qi_addons_for_elementor_counter.default\">\n\t\t\t\t<div class=\"elementor-widget-container\">\n\t\t\t<div class=\"qodef-shortcode qodef-m  qodef-qi-counter qodef-layout--simple  qodef-digit-stroke-effect\" data-end-digit=\"1\">\n\t<div class=\"qodef-m-digit-wrapper\">\n\t\t<div class=\"qodef-m-digit\"><\/div>\n\t<\/div>\n\t\t<div class=\"qodef-m-content\">\n\t\t\t<h6 class=\"qodef-m-title\">\n\t\tACTIVITE PHYSIQUE ADAPTEE\t<\/h6>\n\t\t\t<div class=\"qodef-m-text\">\n\t\tM\u00eame pendant la p\u00e9riode des traitements, on peut toujours marcher un peu dans la journ\u00e9e pour faire un peu d'exercice lorsqu'on s'en sent capable. Prendre sa sant\u00e9 en main = ne pas rester sur son sofa toute la journ\u00e9e !\t<\/div>\n\t<\/div>\n<\/div>\n\t\t<\/div>\n\t\t\t\t<\/div>\n\t\t\t\t\t<\/div>\n\t\t<\/div>\n\t\t\t\t\t<\/div>\n\t\t<\/section>\n\t\t\t\t<section class=\"elementor-section elementor-top-section elementor-element elementor-element-8b3a42e elementor-section-full_width elementor-section-height-default elementor-section-height-default qodef-elementor-content-no\" data-id=\"8b3a42e\" data-element_type=\"section\" data-settings=\"{&quot;background_background&quot;:&quot;classic&quot;}\">\n\t\t\t\t\t\t<div class=\"elementor-container elementor-column-gap-no\">\n\t\t\t\t\t<div class=\"elementor-column elementor-col-100 elementor-top-column elementor-element elementor-element-44281d06\" data-id=\"44281d06\" data-element_type=\"column\">\n\t\t\t<div class=\"elementor-widget-wrap elementor-element-populated\">\n\t\t\t\t\t\t<div class=\"elementor-element elementor-element-66cd1532 elementor-widget elementor-widget-qi_addons_for_elementor_section_title\" data-id=\"66cd1532\" data-element_type=\"widget\" data-widget_type=\"qi_addons_for_elementor_section_title.default\">\n\t\t\t\t<div class=\"elementor-widget-container\">\n\t\t\t<div class=\"qodef-shortcode qodef-m  qodef-qi-section-title  qodef-decoration--italic  qodef-link--underline-draw qodef-subtitle-icon--left\">\n\t\t\t\t\t\t<h1 class=\"qodef-m-title\">\n\t\tVERS UNE MEILLEURE SANTE\t<\/h1>\n\t\t\t<\/div>\n\t\t<\/div>\n\t\t\t\t<\/div>\n\t\t\t\t\t<\/div>\n\t\t<\/div>\n\t\t\t\t\t<\/div>\n\t\t<\/section>\n\t\t\t\t<\/div>\n\t\t","protected":false},"excerpt":{"rendered":"<p>Les 3 piliers de la vitalit\u00e9 Il existe plusieurs piliers li\u00e9s \u00e0 la vitalit\u00e9.\u00a0 \u00a0 \u00a0 Ces piliers sont utiles en pr\u00e9vention ou mettre toutes les chances de son c\u00f4t\u00e9 face \u00e0 une maladie, en parall\u00e8le des traitements conventionnels.\u00a0 \u00a0 \u00a0 Nous sommes tous unique. Vous pouvez piocher ce qui est bon et juste pour [&hellip;]<\/p>\n","protected":false},"author":1,"featured_media":2190,"parent":0,"menu_order":0,"comment_status":"closed","ping_status":"closed","template":"qi-full-width.php","meta":{"_monsterinsights_skip_tracking":false,"_monsterinsights_sitenote_active":false,"_monsterinsights_sitenote_note":"","_monsterinsights_sitenote_category":0,"footnotes":""},"class_list":["post-2789","page","type-page","status-publish","has-post-thumbnail","hentry"],"_links":{"self":[{"href":"https:\/\/unliondansmonsalon.com\/index.php\/wp-json\/wp\/v2\/pages\/2789","targetHints":{"allow":["GET"]}}],"collection":[{"href":"https:\/\/unliondansmonsalon.com\/index.php\/wp-json\/wp\/v2\/pages"}],"about":[{"href":"https:\/\/unliondansmonsalon.com\/index.php\/wp-json\/wp\/v2\/types\/page"}],"author":[{"embeddable":true,"href":"https:\/\/unliondansmonsalon.com\/index.php\/wp-json\/wp\/v2\/users\/1"}],"replies":[{"embeddable":true,"href":"https:\/\/unliondansmonsalon.com\/index.php\/wp-json\/wp\/v2\/comments?post=2789"}],"version-history":[{"count":52,"href":"https:\/\/unliondansmonsalon.com\/index.php\/wp-json\/wp\/v2\/pages\/2789\/revisions"}],"predecessor-version":[{"id":7171,"href":"https:\/\/unliondansmonsalon.com\/index.php\/wp-json\/wp\/v2\/pages\/2789\/revisions\/7171"}],"wp:featuredmedia":[{"embeddable":true,"href":"https:\/\/unliondansmonsalon.com\/index.php\/wp-json\/wp\/v2\/media\/2190"}],"wp:attachment":[{"href":"https:\/\/unliondansmonsalon.com\/index.php\/wp-json\/wp\/v2\/media?parent=2789"}],"curies":[{"name":"wp","href":"https:\/\/api.w.org\/{rel}","templated":true}]}}