{"id":1567,"date":"2022-03-14T13:53:29","date_gmt":"2022-03-14T12:53:29","guid":{"rendered":"http:\/\/nbioptk.cluster031.hosting.ovh.net\/index.php\/mon-profil\/"},"modified":"2022-06-12T23:46:25","modified_gmt":"2022-06-12T21:46:25","slug":"alimentationaccompagnementsposssibles","status":"publish","type":"page","link":"https:\/\/unliondansmonsalon.com\/index.php\/alimentationaccompagnementsposssibles\/","title":{"rendered":"Accompagnement Nutrition"},"content":{"rendered":"\t\t<div data-elementor-type=\"wp-page\" data-elementor-id=\"1567\" class=\"elementor elementor-1567\" data-elementor-post-type=\"page\">\n\t\t\t\t\t\t<section class=\"elementor-section elementor-top-section elementor-element elementor-element-0233fe6 elementor-section-boxed elementor-section-height-default elementor-section-height-default qodef-elementor-content-no\" data-id=\"0233fe6\" data-element_type=\"section\">\n\t\t\t\t\t\t<div class=\"elementor-container elementor-column-gap-default\">\n\t\t\t\t\t<div class=\"elementor-column elementor-col-100 elementor-top-column elementor-element elementor-element-de582a0\" data-id=\"de582a0\" data-element_type=\"column\">\n\t\t\t<div class=\"elementor-widget-wrap elementor-element-populated\">\n\t\t\t\t\t\t<div class=\"elementor-element elementor-element-1f59549 elementor-widget elementor-widget-text-editor\" data-id=\"1f59549\" data-element_type=\"widget\" data-widget_type=\"text-editor.default\">\n\t\t\t\t<div class=\"elementor-widget-container\">\n\t\t\t<style>\/*! elementor - v3.20.0 - 26-03-2024 *\/\n.elementor-widget-text-editor.elementor-drop-cap-view-stacked .elementor-drop-cap{background-color:#69727d;color:#fff}.elementor-widget-text-editor.elementor-drop-cap-view-framed .elementor-drop-cap{color:#69727d;border:3px solid;background-color:transparent}.elementor-widget-text-editor:not(.elementor-drop-cap-view-default) .elementor-drop-cap{margin-top:8px}.elementor-widget-text-editor:not(.elementor-drop-cap-view-default) .elementor-drop-cap-letter{width:1em;height:1em}.elementor-widget-text-editor .elementor-drop-cap{float:left;text-align:center;line-height:1;font-size:50px}.elementor-widget-text-editor .elementor-drop-cap-letter{display:inline-block}<\/style>\t\t\t\t<p>Se faire accompagner sur la nutrition peut \u00eatre utile en parall\u00e8le des traitements. En effet, nous n&rsquo;avons pas tous les m\u00eames besoins en termes de nutriments.<\/p><p>\u00a0<\/p><p>Il existe le r\u00e9seau \u00ab\u00a0ONCODIET\u00a0\u00bb : c&rsquo;est le premier r\u00e9seau de di\u00e9t\u00e9ticiens lib\u00e9raux en canc\u00e9rologie. Gr\u00e2ce \u00e0 leur annuaire (<a href=\"https:\/\/www.nutritionclinique.fr\/annuaire\" target=\"_blank\" rel=\"noopener\">cliquez\u00a0ici<\/a>),\u00a0 vous pouvez retrouver un professionnel pr\u00e8s de chez vous ! Les membres du r\u00e9seau ONCODIETS se sont engag\u00e9s \u00e0 proposer un tarif encadr\u00e9 \u00e0 40 euros maximum la s\u00e9ance (certaines mutuelles peuvent vous rembourser).<\/p><p>\u00a0<\/p><p>Des di\u00e9t\u00e9ticiens interviennent \u00e9galement dans les centres de canc\u00e9rologie \u00e0 titre gratuit. N&rsquo;h\u00e9sitez pas \u00e0 demander conseil \u00e0 votre oncologue.<\/p><p>\u00a0<\/p><p><span style=\"background-color: #ffffff; color: var( --e-global-color-text ); letter-spacing: 0px;\">De nombreuses associations face au cancer proposent des s\u00e9ances avec un di\u00e9t\u00e9ticien ou un naturopathe sp\u00e9cialis\u00e9 \u00e0 titre gratuit. N&rsquo;h\u00e9sitez pas \u00e0 consulter notre rubrique\u00a0<\/span><a href=\"https:\/\/unliondansmonsalon.com\/index.php\/ressources-utiles\/\" target=\"_blank\" rel=\"noopener\">Ressources Utiles<\/a><span style=\"background-color: #ffffff; color: var( --e-global-color-text ); letter-spacing: 0px;\">.<\/span><\/p><p>\u00a0<\/p><p>Vous pouvez \u00e9galement trouver des sp\u00e9cialistes dans l&rsquo;application\u00a0<a href=\"https:\/\/www.doctolib.fr\/\" target=\"_blank\" rel=\"noopener\">Doctolib<\/a>. N&rsquo;h\u00e9sitez pas \u00e0 demander des contacts \u00e0 votre m\u00e9decin g\u00e9n\u00e9raliste en cas de doute. Votre pharmacie de quartier peut \u00e9galement vous aider.\u00a0<\/p><p>\u00a0<\/p><p>A noter:\u00a0<\/p><p>&#8211; la naturopathie a pour objectif le maintien\/le r\u00e9tablissement de la sant\u00e9 avec des outils naturels et elle doit intervenir en parall\u00e8le des traitements conventionnels et non pas les remplacer. La naturopathie va au del\u00e0 de la nutrition avec l&rsquo;int\u00e9gration de la gestion du stress, de la respiration, etc<\/p><p>&#8211; la naturopathie n&rsquo;est actuellement pas reconnue par un dipl\u00f4me d&rsquo;Etat contrairement aux di\u00e9t\u00e9ticiens. Elle est n\u00e9anmoins reconnue par l&rsquo;OMS. Attention:\u00a0 gare aux arnaques. Privil\u00e9giez les\u00a0<span style=\"color: var( --e-global-color-text ); letter-spacing: 0px;\">naturopathes recommand\u00e9s par les associations face au cancer ou recommand\u00e9s de bouche \u00e0 oreille sur ce sujet. Un naturopathe ne doit prendre aucun risque par rapport aux traitements. En cas de doute, v\u00e9rifier bien avec votre oncologue.\u00a0<\/span><\/p><p>\u00a0<\/p><p>\u00a0<\/p><p style=\"text-align: left;\">\u00a0<\/p><p>\u00a0<\/p><p>\u00a0<\/p>\t\t\t\t\t\t<\/div>\n\t\t\t\t<\/div>\n\t\t\t\t\t<\/div>\n\t\t<\/div>\n\t\t\t\t\t<\/div>\n\t\t<\/section>\n\t\t\t\t<\/div>\n\t\t","protected":false},"excerpt":{"rendered":"<p>Se faire accompagner sur la nutrition peut \u00eatre utile en parall\u00e8le des traitements. En effet, nous n&rsquo;avons pas tous les m\u00eames besoins en termes de nutriments. \u00a0 Il existe le r\u00e9seau \u00ab\u00a0ONCODIET\u00a0\u00bb : c&rsquo;est le premier r\u00e9seau de di\u00e9t\u00e9ticiens lib\u00e9raux en canc\u00e9rologie. Gr\u00e2ce \u00e0 leur annuaire (cliquez\u00a0ici),\u00a0 vous pouvez retrouver un professionnel pr\u00e8s de chez [&hellip;]<\/p>\n","protected":false},"author":1,"featured_media":0,"parent":0,"menu_order":0,"comment_status":"closed","ping_status":"closed","template":"","meta":{"_monsterinsights_skip_tracking":false,"_monsterinsights_sitenote_active":false,"_monsterinsights_sitenote_note":"","_monsterinsights_sitenote_category":0,"footnotes":""},"class_list":["post-1567","page","type-page","status-publish","hentry"],"_links":{"self":[{"href":"https:\/\/unliondansmonsalon.com\/index.php\/wp-json\/wp\/v2\/pages\/1567","targetHints":{"allow":["GET"]}}],"collection":[{"href":"https:\/\/unliondansmonsalon.com\/index.php\/wp-json\/wp\/v2\/pages"}],"about":[{"href":"https:\/\/unliondansmonsalon.com\/index.php\/wp-json\/wp\/v2\/types\/page"}],"author":[{"embeddable":true,"href":"https:\/\/unliondansmonsalon.com\/index.php\/wp-json\/wp\/v2\/users\/1"}],"replies":[{"embeddable":true,"href":"https:\/\/unliondansmonsalon.com\/index.php\/wp-json\/wp\/v2\/comments?post=1567"}],"version-history":[{"count":45,"href":"https:\/\/unliondansmonsalon.com\/index.php\/wp-json\/wp\/v2\/pages\/1567\/revisions"}],"predecessor-version":[{"id":5780,"href":"https:\/\/unliondansmonsalon.com\/index.php\/wp-json\/wp\/v2\/pages\/1567\/revisions\/5780"}],"wp:attachment":[{"href":"https:\/\/unliondansmonsalon.com\/index.php\/wp-json\/wp\/v2\/media?parent=1567"}],"curies":[{"name":"wp","href":"https:\/\/api.w.org\/{rel}","templated":true}]}}